{"id":5391,"date":"2026-03-29T17:33:22","date_gmt":"2026-03-29T15:33:22","guid":{"rendered":"https:\/\/kovat88.synology.me\/wordpress\/?page_id=5391"},"modified":"2026-04-01T18:44:52","modified_gmt":"2026-04-01T16:44:52","slug":"messier-27","status":"publish","type":"page","link":"https:\/\/kovat88.synology.me\/wordpress\/egboltnezo\/messier-katalogus\/messier-27\/","title":{"rendered":"Messier 27"},"content":{"rendered":"<p>A Messier 27 egy planet\u00e1ris k\u00f6d, amit Messier katalogiz\u00e1lt 1764-ben. Nevezik S\u00falyz\u00f3-k\u00f6dnek is.  Mintegy 1200 f\u00e9ny\u00e9vnyire van t\u0151l\u00fcnk, el\u00e9g fiatalnak t\u0171nik csillag\u00e1szati szempontb\u00f3l, alig 3000-4000 \u00e9ves. Szabad szemmel nem igaz\u00e1n l\u00e1tszik, kell egy kis t\u00e1vcs\u0151, hogy felderengjen bel\u0151le valami.<\/p>\n<p><img loading=\"lazy\" decoding=\"async\" src=\"https:\/\/kovat88.synology.me\/wordpress\/wp-content\/uploads\/2026\/03\/M-27.jpg\" alt=\"\" width=\"781\" height=\"1300\" class=\"aligncenter size-full wp-image-5390\" srcset=\"https:\/\/kovat88.synology.me\/wordpress\/wp-content\/uploads\/2026\/03\/M-27.jpg 781w, https:\/\/kovat88.synology.me\/wordpress\/wp-content\/uploads\/2026\/03\/M-27-180x300.jpg 180w, https:\/\/kovat88.synology.me\/wordpress\/wp-content\/uploads\/2026\/03\/M-27-615x1024.jpg 615w, https:\/\/kovat88.synology.me\/wordpress\/wp-content\/uploads\/2026\/03\/M-27-768x1278.jpg 768w\" sizes=\"auto, (max-width: 781px) 100vw, 781px\" \/><\/p>\n<p><a href=\"https:\/\/kovat88.synology.me\/wordpress\/egboltnezo\/messier-katalogus\/\">Vissza a katal\u00f3gus oldalra<\/a><\/p>\n","protected":false},"excerpt":{"rendered":"<p>A Messier 27 egy planet\u00e1ris k\u00f6d, amit Messier katalogiz\u00e1lt 1764-ben. Nevezik S\u00falyz\u00f3-k\u00f6dnek is. Mintegy 1200 f\u00e9ny\u00e9vnyire van t\u0151l\u00fcnk, el\u00e9g fiatalnak t\u0171nik csillag\u00e1szati szempontb\u00f3l, alig 3000-4000 \u00e9ves. Szabad szemmel nem igaz\u00e1n l\u00e1tszik, kell egy kis t\u00e1vcs\u0151, hogy felderengjen bel\u0151le valami. Vissza a katal\u00f3gus oldalra<\/p>\n","protected":false},"author":1,"featured_media":0,"parent":5314,"menu_order":1027,"comment_status":"closed","ping_status":"closed","template":"","meta":{"footnotes":""},"class_list":["post-5391","page","type-page","status-publish"],"_links":{"self":[{"href":"https:\/\/kovat88.synology.me\/wordpress\/wp-json\/wp\/v2\/pages\/5391","targetHints":{"allow":["GET"]}}],"collection":[{"href":"https:\/\/kovat88.synology.me\/wordpress\/wp-json\/wp\/v2\/pages"}],"about":[{"href":"https:\/\/kovat88.synology.me\/wordpress\/wp-json\/wp\/v2\/types\/page"}],"author":[{"embeddable":true,"href":"https:\/\/kovat88.synology.me\/wordpress\/wp-json\/wp\/v2\/users\/1"}],"replies":[{"embeddable":true,"href":"https:\/\/kovat88.synology.me\/wordpress\/wp-json\/wp\/v2\/comments?post=5391"}],"version-history":[{"count":4,"href":"https:\/\/kovat88.synology.me\/wordpress\/wp-json\/wp\/v2\/pages\/5391\/revisions"}],"predecessor-version":[{"id":5396,"href":"https:\/\/kovat88.synology.me\/wordpress\/wp-json\/wp\/v2\/pages\/5391\/revisions\/5396"}],"up":[{"embeddable":true,"href":"https:\/\/kovat88.synology.me\/wordpress\/wp-json\/wp\/v2\/pages\/5314"}],"wp:attachment":[{"href":"https:\/\/kovat88.synology.me\/wordpress\/wp-json\/wp\/v2\/media?parent=5391"}],"curies":[{"name":"wp","href":"https:\/\/api.w.org\/{rel}","templated":true}]}}