{"id":5384,"date":"2026-03-21T11:55:03","date_gmt":"2026-03-21T10:55:03","guid":{"rendered":"https:\/\/kovat88.synology.me\/wordpress\/?page_id=5384"},"modified":"2026-03-21T11:55:03","modified_gmt":"2026-03-21T10:55:03","slug":"messier-51","status":"publish","type":"page","link":"https:\/\/kovat88.synology.me\/wordpress\/egboltnezo\/messier-katalogus\/messier-51\/","title":{"rendered":"Messier 51"},"content":{"rendered":"<p>\u00d6rv\u00e9ny-k\u00f6d, \u00d6rv\u00e9ny-galaxis, NGC 5194. F\u00e9nyk\u00e9pen el\u00e9g l\u00e1tv\u00e1nyos, \u00e9rdekes, mintha k\u00e9t \u00f6rv\u00e9ny tal\u00e1lkozna, \u00e9s az egyik felfalja a m\u00e1sikat. 25 000 000 f\u00e9ny\u00e9vre t\u0151l\u00fcnk. Vagy 20 000 000 f\u00e9ny\u00e9vre. Vagy 37 000 000 f\u00e9ny\u00e9vre. El\u00e9g nagy az elt\u00e9r\u00e9s a becsl\u00e9s k\u00e9t v\u00e9ge k\u00f6z\u00f6tt. Nagyon nem fenyeget minket \u00f6ssze\u00fck\u00f6z\u00e9ssel, \u00edgy el\u00e9g csak csod\u00e1lni.<\/p>\n<figure id=\"attachment_5304\" aria-describedby=\"caption-attachment-5304\" style=\"width: 903px\" class=\"wp-caption aligncenter\"><img loading=\"lazy\" decoding=\"async\" src=\"https:\/\/kovat88.synology.me\/wordpress\/wp-content\/uploads\/2026\/03\/M51_blog.jpg\" alt=\"Messier 51\" width=\"913\" height=\"1300\" class=\"size-full wp-image-5304\" srcset=\"https:\/\/kovat88.synology.me\/wordpress\/wp-content\/uploads\/2026\/03\/M51_blog.jpg 913w, https:\/\/kovat88.synology.me\/wordpress\/wp-content\/uploads\/2026\/03\/M51_blog-211x300.jpg 211w, https:\/\/kovat88.synology.me\/wordpress\/wp-content\/uploads\/2026\/03\/M51_blog-719x1024.jpg 719w, https:\/\/kovat88.synology.me\/wordpress\/wp-content\/uploads\/2026\/03\/M51_blog-768x1094.jpg 768w\" sizes=\"auto, (max-width: 913px) 100vw, 913px\" \/><figcaption id=\"caption-attachment-5304\" class=\"wp-caption-text\">Messier 51<\/figcaption><\/figure>\n<p><a href=\"https:\/\/kovat88.synology.me\/wordpress\/egboltnezo\/messier-katalogus\/\">Vissza a katal\u00f3gus oldalhoz<\/a><\/p>\n","protected":false},"excerpt":{"rendered":"<p>\u00d6rv\u00e9ny-k\u00f6d, \u00d6rv\u00e9ny-galaxis, NGC 5194. F\u00e9nyk\u00e9pen el\u00e9g l\u00e1tv\u00e1nyos, \u00e9rdekes, mintha k\u00e9t \u00f6rv\u00e9ny tal\u00e1lkozna, \u00e9s az egyik felfalja a m\u00e1sikat. 25 000 000 f\u00e9ny\u00e9vre t\u0151l\u00fcnk. Vagy 20 000 000 f\u00e9ny\u00e9vre. Vagy 37 000 000 f\u00e9ny\u00e9vre. El\u00e9g nagy az elt\u00e9r\u00e9s a becsl\u00e9s k\u00e9t v\u00e9ge k\u00f6z\u00f6tt. Nagyon nem fenyeget minket \u00f6ssze\u00fck\u00f6z\u00e9ssel, \u00edgy el\u00e9g csak csod\u00e1lni. Vissza a katal\u00f3gus oldalhoz<\/p>\n","protected":false},"author":1,"featured_media":0,"parent":5314,"menu_order":1051,"comment_status":"closed","ping_status":"closed","template":"","meta":{"footnotes":""},"class_list":["post-5384","page","type-page","status-publish"],"_links":{"self":[{"href":"https:\/\/kovat88.synology.me\/wordpress\/wp-json\/wp\/v2\/pages\/5384","targetHints":{"allow":["GET"]}}],"collection":[{"href":"https:\/\/kovat88.synology.me\/wordpress\/wp-json\/wp\/v2\/pages"}],"about":[{"href":"https:\/\/kovat88.synology.me\/wordpress\/wp-json\/wp\/v2\/types\/page"}],"author":[{"embeddable":true,"href":"https:\/\/kovat88.synology.me\/wordpress\/wp-json\/wp\/v2\/users\/1"}],"replies":[{"embeddable":true,"href":"https:\/\/kovat88.synology.me\/wordpress\/wp-json\/wp\/v2\/comments?post=5384"}],"version-history":[{"count":2,"href":"https:\/\/kovat88.synology.me\/wordpress\/wp-json\/wp\/v2\/pages\/5384\/revisions"}],"predecessor-version":[{"id":5386,"href":"https:\/\/kovat88.synology.me\/wordpress\/wp-json\/wp\/v2\/pages\/5384\/revisions\/5386"}],"up":[{"embeddable":true,"href":"https:\/\/kovat88.synology.me\/wordpress\/wp-json\/wp\/v2\/pages\/5314"}],"wp:attachment":[{"href":"https:\/\/kovat88.synology.me\/wordpress\/wp-json\/wp\/v2\/media?parent=5384"}],"curies":[{"name":"wp","href":"https:\/\/api.w.org\/{rel}","templated":true}]}}