{"id":5369,"date":"2026-03-21T07:18:25","date_gmt":"2026-03-21T06:18:25","guid":{"rendered":"https:\/\/kovat88.synology.me\/wordpress\/?page_id=5369"},"modified":"2026-03-21T07:30:26","modified_gmt":"2026-03-21T06:30:26","slug":"messier-44","status":"publish","type":"page","link":"https:\/\/kovat88.synology.me\/wordpress\/egboltnezo\/messier-katalogus\/messier-44\/","title":{"rendered":"Messier 44"},"content":{"rendered":"<p>Az objektum egy ny\u00edlt halmaz, v\u00e9lem\u00e9nyem szerint nem igaz\u00e1n l\u00e1tv\u00e1nyos, de az\u00e9rt a katal\u00f3gusba ker\u00fclt. M\u00e9hkas vagy J\u00e1szol csoport, NGC 2632. Fiatalnak tekinthet\u0151, azaz kb. 700 milli\u00f3 \u00e9ves csoport (ez vajon hogyan j\u00f6tt ki&#8230;). &#8220;K\u00f6zel&#8221; is van, alig 577 f\u00e9ny\u00e9vnyire.<\/p>\n<p>Ez is egy kedvenc csillaghalmaz, de fot\u00f3zni k\u00fcl\u00f6n\u00f6sen a k\u00f6d\u00f6t nem egyszer\u0171, rengeteg id\u0151t kell r\u00e1 sz\u00e1nni. Most m\u00e9g csak egy k\u00e9pet tettem ide, de majd k\u00e9sz\u00edtek m\u00e9g. Sajnos hamarosan nem lesz fot\u00f3zhat\u00f3, meg kell v\u00e1rnom a k\u00f6vetkez\u0151 \u0151szt illetve telet.<\/p>\n<figure id=\"attachment_5307\" aria-describedby=\"caption-attachment-5307\" style=\"width: 765px\" class=\"wp-caption aligncenter\"><img loading=\"lazy\" decoding=\"async\" src=\"https:\/\/kovat88.synology.me\/wordpress\/wp-content\/uploads\/2026\/03\/M-44_blog.jpg\" alt=\"Messier 44\" width=\"775\" height=\"1300\" class=\"size-full wp-image-5307\" srcset=\"https:\/\/kovat88.synology.me\/wordpress\/wp-content\/uploads\/2026\/03\/M-44_blog.jpg 775w, https:\/\/kovat88.synology.me\/wordpress\/wp-content\/uploads\/2026\/03\/M-44_blog-179x300.jpg 179w, https:\/\/kovat88.synology.me\/wordpress\/wp-content\/uploads\/2026\/03\/M-44_blog-610x1024.jpg 610w, https:\/\/kovat88.synology.me\/wordpress\/wp-content\/uploads\/2026\/03\/M-44_blog-768x1288.jpg 768w\" sizes=\"auto, (max-width: 775px) 100vw, 775px\" \/><figcaption id=\"caption-attachment-5307\" class=\"wp-caption-text\">Messier 44<\/figcaption><\/figure>\n<p><a href=\"https:\/\/kovat88.synology.me\/wordpress\/egboltnezo\/messier-katalogus\/\">Vissza a katal\u00f3gus oldalra<\/a><\/p>\n","protected":false},"excerpt":{"rendered":"<p>Az objektum egy ny\u00edlt halmaz, v\u00e9lem\u00e9nyem szerint nem igaz\u00e1n l\u00e1tv\u00e1nyos, de az\u00e9rt a katal\u00f3gusba ker\u00fclt. M\u00e9hkas vagy J\u00e1szol csoport, NGC 2632. Fiatalnak tekinthet\u0151, azaz kb. 700 milli\u00f3 \u00e9ves csoport (ez vajon hogyan j\u00f6tt ki&#8230;). &#8220;K\u00f6zel&#8221; is van, alig 577 f\u00e9ny\u00e9vnyire. Ez is egy kedvenc csillaghalmaz, de fot\u00f3zni k\u00fcl\u00f6n\u00f6sen a k\u00f6d\u00f6t nem egyszer\u0171, rengeteg id\u0151t kell &#8230; <a title=\"Messier 44\" class=\"read-more\" href=\"https:\/\/kovat88.synology.me\/wordpress\/egboltnezo\/messier-katalogus\/messier-44\/\" aria-label=\"Read more about Messier 44\">Olvass tov\u00e1bb<\/a><\/p>\n","protected":false},"author":1,"featured_media":0,"parent":5314,"menu_order":1044,"comment_status":"closed","ping_status":"closed","template":"","meta":{"footnotes":""},"class_list":["post-5369","page","type-page","status-publish"],"_links":{"self":[{"href":"https:\/\/kovat88.synology.me\/wordpress\/wp-json\/wp\/v2\/pages\/5369","targetHints":{"allow":["GET"]}}],"collection":[{"href":"https:\/\/kovat88.synology.me\/wordpress\/wp-json\/wp\/v2\/pages"}],"about":[{"href":"https:\/\/kovat88.synology.me\/wordpress\/wp-json\/wp\/v2\/types\/page"}],"author":[{"embeddable":true,"href":"https:\/\/kovat88.synology.me\/wordpress\/wp-json\/wp\/v2\/users\/1"}],"replies":[{"embeddable":true,"href":"https:\/\/kovat88.synology.me\/wordpress\/wp-json\/wp\/v2\/comments?post=5369"}],"version-history":[{"count":4,"href":"https:\/\/kovat88.synology.me\/wordpress\/wp-json\/wp\/v2\/pages\/5369\/revisions"}],"predecessor-version":[{"id":5378,"href":"https:\/\/kovat88.synology.me\/wordpress\/wp-json\/wp\/v2\/pages\/5369\/revisions\/5378"}],"up":[{"embeddable":true,"href":"https:\/\/kovat88.synology.me\/wordpress\/wp-json\/wp\/v2\/pages\/5314"}],"wp:attachment":[{"href":"https:\/\/kovat88.synology.me\/wordpress\/wp-json\/wp\/v2\/media?parent=5369"}],"curies":[{"name":"wp","href":"https:\/\/api.w.org\/{rel}","templated":true}]}}