{"id":5362,"date":"2026-03-21T07:07:40","date_gmt":"2026-03-21T06:07:40","guid":{"rendered":"https:\/\/kovat88.synology.me\/wordpress\/?page_id=5362"},"modified":"2026-03-21T07:21:48","modified_gmt":"2026-03-21T06:21:48","slug":"messier-101","status":"publish","type":"page","link":"https:\/\/kovat88.synology.me\/wordpress\/egboltnezo\/messier-katalogus\/messier-101\/","title":{"rendered":"Messier 101"},"content":{"rendered":"<p>Sz\u00e9lker\u00e9k-galaxis, NGC 5457. 24 000 000 f\u00e9ny\u00e9v t\u00e1vols\u00e1gra van t\u0151l\u00fcnk &#8211; nagyj\u00e1b\u00f3l. El\u00e9g l\u00e1tv\u00e1nyos galaxis.<\/p>\n<figure id=\"attachment_5302\" aria-describedby=\"caption-attachment-5302\" style=\"width: 848px\" class=\"wp-caption aligncenter\"><img loading=\"lazy\" decoding=\"async\" src=\"https:\/\/kovat88.synology.me\/wordpress\/wp-content\/uploads\/2026\/03\/M101_blog.jpg\" alt=\"Messier 101\" width=\"858\" height=\"1300\" class=\"size-full wp-image-5302\" srcset=\"https:\/\/kovat88.synology.me\/wordpress\/wp-content\/uploads\/2026\/03\/M101_blog.jpg 858w, https:\/\/kovat88.synology.me\/wordpress\/wp-content\/uploads\/2026\/03\/M101_blog-198x300.jpg 198w, https:\/\/kovat88.synology.me\/wordpress\/wp-content\/uploads\/2026\/03\/M101_blog-676x1024.jpg 676w, https:\/\/kovat88.synology.me\/wordpress\/wp-content\/uploads\/2026\/03\/M101_blog-768x1164.jpg 768w\" sizes=\"auto, (max-width: 858px) 100vw, 858px\" \/><figcaption id=\"caption-attachment-5302\" class=\"wp-caption-text\">Messier 101<\/figcaption><\/figure>\n<p><a href=\"https:\/\/kovat88.synology.me\/wordpress\/egboltnezo\/messier-katalogus\/\">Vissza a katal\u00f3gus oldalra<\/a><\/p>\n","protected":false},"excerpt":{"rendered":"<p>Sz\u00e9lker\u00e9k-galaxis, NGC 5457. 24 000 000 f\u00e9ny\u00e9v t\u00e1vols\u00e1gra van t\u0151l\u00fcnk &#8211; nagyj\u00e1b\u00f3l. El\u00e9g l\u00e1tv\u00e1nyos galaxis. Vissza a katal\u00f3gus oldalra<\/p>\n","protected":false},"author":1,"featured_media":0,"parent":5314,"menu_order":1101,"comment_status":"closed","ping_status":"closed","template":"","meta":{"footnotes":""},"class_list":["post-5362","page","type-page","status-publish"],"_links":{"self":[{"href":"https:\/\/kovat88.synology.me\/wordpress\/wp-json\/wp\/v2\/pages\/5362","targetHints":{"allow":["GET"]}}],"collection":[{"href":"https:\/\/kovat88.synology.me\/wordpress\/wp-json\/wp\/v2\/pages"}],"about":[{"href":"https:\/\/kovat88.synology.me\/wordpress\/wp-json\/wp\/v2\/types\/page"}],"author":[{"embeddable":true,"href":"https:\/\/kovat88.synology.me\/wordpress\/wp-json\/wp\/v2\/users\/1"}],"replies":[{"embeddable":true,"href":"https:\/\/kovat88.synology.me\/wordpress\/wp-json\/wp\/v2\/comments?post=5362"}],"version-history":[{"count":3,"href":"https:\/\/kovat88.synology.me\/wordpress\/wp-json\/wp\/v2\/pages\/5362\/revisions"}],"predecessor-version":[{"id":5376,"href":"https:\/\/kovat88.synology.me\/wordpress\/wp-json\/wp\/v2\/pages\/5362\/revisions\/5376"}],"up":[{"embeddable":true,"href":"https:\/\/kovat88.synology.me\/wordpress\/wp-json\/wp\/v2\/pages\/5314"}],"wp:attachment":[{"href":"https:\/\/kovat88.synology.me\/wordpress\/wp-json\/wp\/v2\/media?parent=5362"}],"curies":[{"name":"wp","href":"https:\/\/api.w.org\/{rel}","templated":true}]}}