{"id":5356,"date":"2026-03-21T07:01:04","date_gmt":"2026-03-21T06:01:04","guid":{"rendered":"https:\/\/kovat88.synology.me\/wordpress\/?page_id=5356"},"modified":"2026-03-21T07:21:02","modified_gmt":"2026-03-21T06:21:02","slug":"messier-81","status":"publish","type":"page","link":"https:\/\/kovat88.synology.me\/wordpress\/egboltnezo\/messier-katalogus\/messier-81\/","title":{"rendered":"Messier 81- 82"},"content":{"rendered":"<p>M81: Bode galaxis, NGC3031 illetve M82: Szivar galaxis, NGC 3034. Mivel l\u00e1tsz\u00f3lag k\u00f6zel vannak egym\u00e1shoz &#8211; m\u00e1rmint a f\u00e9nyk\u00e9pen, c\u00e9lszer\u0171nek l\u00e1ttam egy egys\u00e9gk\u00e9nt kezelni ezt a 2 objektumot. Nagyj\u00e1b\u00f3l 12 000 000 f\u00e9ny\u00e9vre vannak t\u0151l\u00fcnk.<\/p>\n<figure id=\"attachment_5306\" aria-describedby=\"caption-attachment-5306\" style=\"width: 754px\" class=\"wp-caption aligncenter\"><img loading=\"lazy\" decoding=\"async\" src=\"https:\/\/kovat88.synology.me\/wordpress\/wp-content\/uploads\/2026\/03\/M81-M82_wm.jpg\" alt=\"Messier 81-82\" width=\"764\" height=\"1300\" class=\"size-full wp-image-5306\" srcset=\"https:\/\/kovat88.synology.me\/wordpress\/wp-content\/uploads\/2026\/03\/M81-M82_wm.jpg 764w, https:\/\/kovat88.synology.me\/wordpress\/wp-content\/uploads\/2026\/03\/M81-M82_wm-176x300.jpg 176w, https:\/\/kovat88.synology.me\/wordpress\/wp-content\/uploads\/2026\/03\/M81-M82_wm-602x1024.jpg 602w\" sizes=\"auto, (max-width: 764px) 100vw, 764px\" \/><figcaption id=\"caption-attachment-5306\" class=\"wp-caption-text\">Messier 81-82<\/figcaption><\/figure>\n<p><a href=\"https:\/\/kovat88.synology.me\/wordpress\/egboltnezo\/messier-katalogus\/\">Vissza a katal\u00f3gus oldalra<\/a><\/p>\n","protected":false},"excerpt":{"rendered":"<p>M81: Bode galaxis, NGC3031 illetve M82: Szivar galaxis, NGC 3034. Mivel l\u00e1tsz\u00f3lag k\u00f6zel vannak egym\u00e1shoz &#8211; m\u00e1rmint a f\u00e9nyk\u00e9pen, c\u00e9lszer\u0171nek l\u00e1ttam egy egys\u00e9gk\u00e9nt kezelni ezt a 2 objektumot. Nagyj\u00e1b\u00f3l 12 000 000 f\u00e9ny\u00e9vre vannak t\u0151l\u00fcnk. Vissza a katal\u00f3gus oldalra<\/p>\n","protected":false},"author":1,"featured_media":0,"parent":5314,"menu_order":1081,"comment_status":"closed","ping_status":"closed","template":"","meta":{"footnotes":""},"class_list":["post-5356","page","type-page","status-publish"],"_links":{"self":[{"href":"https:\/\/kovat88.synology.me\/wordpress\/wp-json\/wp\/v2\/pages\/5356","targetHints":{"allow":["GET"]}}],"collection":[{"href":"https:\/\/kovat88.synology.me\/wordpress\/wp-json\/wp\/v2\/pages"}],"about":[{"href":"https:\/\/kovat88.synology.me\/wordpress\/wp-json\/wp\/v2\/types\/page"}],"author":[{"embeddable":true,"href":"https:\/\/kovat88.synology.me\/wordpress\/wp-json\/wp\/v2\/users\/1"}],"replies":[{"embeddable":true,"href":"https:\/\/kovat88.synology.me\/wordpress\/wp-json\/wp\/v2\/comments?post=5356"}],"version-history":[{"count":4,"href":"https:\/\/kovat88.synology.me\/wordpress\/wp-json\/wp\/v2\/pages\/5356\/revisions"}],"predecessor-version":[{"id":5375,"href":"https:\/\/kovat88.synology.me\/wordpress\/wp-json\/wp\/v2\/pages\/5356\/revisions\/5375"}],"up":[{"embeddable":true,"href":"https:\/\/kovat88.synology.me\/wordpress\/wp-json\/wp\/v2\/pages\/5314"}],"wp:attachment":[{"href":"https:\/\/kovat88.synology.me\/wordpress\/wp-json\/wp\/v2\/media?parent=5356"}],"curies":[{"name":"wp","href":"https:\/\/api.w.org\/{rel}","templated":true}]}}