{"id":5337,"date":"2026-03-20T20:15:50","date_gmt":"2026-03-20T19:15:50","guid":{"rendered":"https:\/\/kovat88.synology.me\/wordpress\/?page_id=5337"},"modified":"2026-03-20T20:18:10","modified_gmt":"2026-03-20T19:18:10","slug":"messier-42","status":"publish","type":"page","link":"https:\/\/kovat88.synology.me\/wordpress\/egboltnezo\/messier-katalogus\/messier-42\/","title":{"rendered":"Messier 42"},"content":{"rendered":"<p>Orion-k\u00f6d, Messier 42, NGC 1976. \u00d6r\u00f6k, nagy kedvencem, ami csak k\u00e9s\u0151 \u0151szt\u0151l kora tavaszig l\u00e1tszik, amikor az Orion (szint\u00e9n nagy kedvenc) is l\u00e1that\u00f3. Nagyon l\u00e1tv\u00e1nyos m\u00e9g kis t\u00e1vcs\u0151vel is, de igazi sz\u00e9ps\u00e9g\u00e9t a fot\u00f3kon adja ki. Sok k\u00eds\u00e9rletem volt ezzel a k\u00f6ddel kapcsolatban, az al\u00e1bbi fot\u00f3sorozaton j\u00f3l kivehet\u0151 a fejl\u0151d\u00e9s. Az \u00e9n fejl\u0151d\u00e9sem is \u00e9s a technikai felszerel\u00e9sem fejl\u0151d\u00e9se is. Az els\u0151 k\u00e9pek\u00e9rt eln\u00e9z\u00e9st k\u00e9rek, de a t\u00f6rt\u00e9neti h\u0171s\u00e9g miatt itt a hely\u00fck.<br \/>\nA k\u00e9peken a Messier 43 is ott van, az az a bog\u00e1rp\u00e1nc\u00e9l-kin\u00e9zet\u0171 dolog a nagy k\u00f6d f\u00f6l\u00f6tt, de ezt a k\u00f6d\u00f6t a Messier 42-vel egyben szok\u00e1s kezelni.<\/p>\n<figure id=\"attachment_3487\" aria-describedby=\"caption-attachment-3487\" style=\"width: 1190px\" class=\"wp-caption aligncenter\"><img loading=\"lazy\" decoding=\"async\" src=\"https:\/\/kovat88.synology.me\/wordpress\/wp-content\/uploads\/2022\/06\/misc_066.jpg\" alt=\"Orion-k\u00f6d\" width=\"1200\" height=\"800\" class=\"size-full wp-image-3487\" srcset=\"https:\/\/kovat88.synology.me\/wordpress\/wp-content\/uploads\/2022\/06\/misc_066.jpg 1200w, https:\/\/kovat88.synology.me\/wordpress\/wp-content\/uploads\/2022\/06\/misc_066-300x200.jpg 300w, https:\/\/kovat88.synology.me\/wordpress\/wp-content\/uploads\/2022\/06\/misc_066-1024x683.jpg 1024w, https:\/\/kovat88.synology.me\/wordpress\/wp-content\/uploads\/2022\/06\/misc_066-768x512.jpg 768w\" sizes=\"auto, (max-width: 1200px) 100vw, 1200px\" \/><figcaption id=\"caption-attachment-3487\" class=\"wp-caption-text\">Orion-k\u00f6d<\/figcaption><\/figure>\n<figure id=\"attachment_4686\" aria-describedby=\"caption-attachment-4686\" style=\"width: 1190px\" class=\"wp-caption aligncenter\"><img loading=\"lazy\" decoding=\"async\" src=\"https:\/\/kovat88.synology.me\/wordpress\/wp-content\/uploads\/2024\/03\/orionov_01_blogalap.jpg\" alt=\"Orion\" width=\"1200\" height=\"1194\" class=\"size-full wp-image-4686\" srcset=\"https:\/\/kovat88.synology.me\/wordpress\/wp-content\/uploads\/2024\/03\/orionov_01_blogalap.jpg 1200w, https:\/\/kovat88.synology.me\/wordpress\/wp-content\/uploads\/2024\/03\/orionov_01_blogalap-300x300.jpg 300w, https:\/\/kovat88.synology.me\/wordpress\/wp-content\/uploads\/2024\/03\/orionov_01_blogalap-1024x1019.jpg 1024w, https:\/\/kovat88.synology.me\/wordpress\/wp-content\/uploads\/2024\/03\/orionov_01_blogalap-150x150.jpg 150w, https:\/\/kovat88.synology.me\/wordpress\/wp-content\/uploads\/2024\/03\/orionov_01_blogalap-768x764.jpg 768w\" sizes=\"auto, (max-width: 1200px) 100vw, 1200px\" \/><figcaption id=\"caption-attachment-4686\" class=\"wp-caption-text\">Orion<\/figcaption><\/figure>\n<figure id=\"attachment_5273\" aria-describedby=\"caption-attachment-5273\" style=\"width: 665px\" class=\"wp-caption aligncenter\"><img loading=\"lazy\" decoding=\"async\" src=\"https:\/\/kovat88.synology.me\/wordpress\/wp-content\/uploads\/2025\/10\/M-42_wm.jpg\" alt=\"M 42\" width=\"675\" height=\"1200\" class=\"size-full wp-image-5273\" srcset=\"https:\/\/kovat88.synology.me\/wordpress\/wp-content\/uploads\/2025\/10\/M-42_wm.jpg 675w, https:\/\/kovat88.synology.me\/wordpress\/wp-content\/uploads\/2025\/10\/M-42_wm-169x300.jpg 169w, https:\/\/kovat88.synology.me\/wordpress\/wp-content\/uploads\/2025\/10\/M-42_wm-576x1024.jpg 576w\" sizes=\"auto, (max-width: 675px) 100vw, 675px\" \/><figcaption id=\"caption-attachment-5273\" class=\"wp-caption-text\">M 42<\/figcaption><\/figure>\n<figure id=\"attachment_5301\" aria-describedby=\"caption-attachment-5301\" style=\"width: 1024px\" class=\"wp-caption aligncenter\"><img loading=\"lazy\" decoding=\"async\" src=\"https:\/\/kovat88.synology.me\/wordpress\/wp-content\/uploads\/2026\/03\/M42_blog.jpg\" alt=\"Messier 42\" width=\"1034\" height=\"1300\" class=\"size-full wp-image-5301\" srcset=\"https:\/\/kovat88.synology.me\/wordpress\/wp-content\/uploads\/2026\/03\/M42_blog.jpg 1034w, https:\/\/kovat88.synology.me\/wordpress\/wp-content\/uploads\/2026\/03\/M42_blog-239x300.jpg 239w, https:\/\/kovat88.synology.me\/wordpress\/wp-content\/uploads\/2026\/03\/M42_blog-814x1024.jpg 814w, https:\/\/kovat88.synology.me\/wordpress\/wp-content\/uploads\/2026\/03\/M42_blog-768x966.jpg 768w\" sizes=\"auto, (max-width: 1034px) 100vw, 1034px\" \/><figcaption id=\"caption-attachment-5301\" class=\"wp-caption-text\">Messier 42<\/figcaption><\/figure>\n<p><a href=\"https:\/\/kovat88.synology.me\/wordpress\/egboltnezo\/messier-katalogus\/\">Vissza a katal\u00f3gus oldalra<\/a><\/p>\n","protected":false},"excerpt":{"rendered":"<p>Orion-k\u00f6d, Messier 42, NGC 1976. \u00d6r\u00f6k, nagy kedvencem, ami csak k\u00e9s\u0151 \u0151szt\u0151l kora tavaszig l\u00e1tszik, amikor az Orion (szint\u00e9n nagy kedvenc) is l\u00e1that\u00f3. Nagyon l\u00e1tv\u00e1nyos m\u00e9g kis t\u00e1vcs\u0151vel is, de igazi sz\u00e9ps\u00e9g\u00e9t a fot\u00f3kon adja ki. Sok k\u00eds\u00e9rletem volt ezzel a k\u00f6ddel kapcsolatban, az al\u00e1bbi fot\u00f3sorozaton j\u00f3l kivehet\u0151 a fejl\u0151d\u00e9s. Az \u00e9n fejl\u0151d\u00e9sem is \u00e9s &#8230; <a title=\"Messier 42\" class=\"read-more\" href=\"https:\/\/kovat88.synology.me\/wordpress\/egboltnezo\/messier-katalogus\/messier-42\/\" aria-label=\"Read more about Messier 42\">Olvass tov\u00e1bb<\/a><\/p>\n","protected":false},"author":1,"featured_media":0,"parent":5314,"menu_order":1042,"comment_status":"closed","ping_status":"closed","template":"","meta":{"footnotes":""},"class_list":["post-5337","page","type-page","status-publish"],"_links":{"self":[{"href":"https:\/\/kovat88.synology.me\/wordpress\/wp-json\/wp\/v2\/pages\/5337","targetHints":{"allow":["GET"]}}],"collection":[{"href":"https:\/\/kovat88.synology.me\/wordpress\/wp-json\/wp\/v2\/pages"}],"about":[{"href":"https:\/\/kovat88.synology.me\/wordpress\/wp-json\/wp\/v2\/types\/page"}],"author":[{"embeddable":true,"href":"https:\/\/kovat88.synology.me\/wordpress\/wp-json\/wp\/v2\/users\/1"}],"replies":[{"embeddable":true,"href":"https:\/\/kovat88.synology.me\/wordpress\/wp-json\/wp\/v2\/comments?post=5337"}],"version-history":[{"count":5,"href":"https:\/\/kovat88.synology.me\/wordpress\/wp-json\/wp\/v2\/pages\/5337\/revisions"}],"predecessor-version":[{"id":5343,"href":"https:\/\/kovat88.synology.me\/wordpress\/wp-json\/wp\/v2\/pages\/5337\/revisions\/5343"}],"up":[{"embeddable":true,"href":"https:\/\/kovat88.synology.me\/wordpress\/wp-json\/wp\/v2\/pages\/5314"}],"wp:attachment":[{"href":"https:\/\/kovat88.synology.me\/wordpress\/wp-json\/wp\/v2\/media?parent=5337"}],"curies":[{"name":"wp","href":"https:\/\/api.w.org\/{rel}","templated":true}]}}