{"id":5334,"date":"2026-03-20T20:05:26","date_gmt":"2026-03-20T19:05:26","guid":{"rendered":"https:\/\/kovat88.synology.me\/wordpress\/?page_id=5334"},"modified":"2026-03-20T20:05:26","modified_gmt":"2026-03-20T19:05:26","slug":"messier-33","status":"publish","type":"page","link":"https:\/\/kovat88.synology.me\/wordpress\/egboltnezo\/messier-katalogus\/messier-33\/","title":{"rendered":"Messier 33"},"content":{"rendered":"<p>Triangulum-galaxis, NGC 598, azaz Messier 33. Ez egy igazi galaxis, k\u00f6r\u00fclbel\u00fcl 3 000 000 (h\u00e1rom milli\u00f3) f\u00e9ny\u00e9vnyire t\u0151l\u00fcnk.<\/p>\n<figure id=\"attachment_5286\" aria-describedby=\"caption-attachment-5286\" style=\"width: 765px\" class=\"wp-caption aligncenter\"><img loading=\"lazy\" decoding=\"async\" src=\"https:\/\/kovat88.synology.me\/wordpress\/wp-content\/uploads\/2025\/12\/triang_wm.jpg\" alt=\"Triangulum galaxis - Messier 33\" width=\"775\" height=\"1300\" class=\"size-full wp-image-5286\" srcset=\"https:\/\/kovat88.synology.me\/wordpress\/wp-content\/uploads\/2025\/12\/triang_wm.jpg 775w, https:\/\/kovat88.synology.me\/wordpress\/wp-content\/uploads\/2025\/12\/triang_wm-179x300.jpg 179w, https:\/\/kovat88.synology.me\/wordpress\/wp-content\/uploads\/2025\/12\/triang_wm-610x1024.jpg 610w, https:\/\/kovat88.synology.me\/wordpress\/wp-content\/uploads\/2025\/12\/triang_wm-768x1288.jpg 768w\" sizes=\"auto, (max-width: 775px) 100vw, 775px\" \/><figcaption id=\"caption-attachment-5286\" class=\"wp-caption-text\">Triangulum galaxis<\/figcaption><\/figure>\n<p><a href=\"https:\/\/kovat88.synology.me\/wordpress\/egboltnezo\/messier-katalogus\/\">Vissza a katal\u00f3gus oldalra<\/a><\/p>\n","protected":false},"excerpt":{"rendered":"<p>Triangulum-galaxis, NGC 598, azaz Messier 33. Ez egy igazi galaxis, k\u00f6r\u00fclbel\u00fcl 3 000 000 (h\u00e1rom milli\u00f3) f\u00e9ny\u00e9vnyire t\u0151l\u00fcnk. Vissza a katal\u00f3gus oldalra<\/p>\n","protected":false},"author":1,"featured_media":0,"parent":5314,"menu_order":1003,"comment_status":"closed","ping_status":"closed","template":"","meta":{"footnotes":""},"class_list":["post-5334","page","type-page","status-publish"],"_links":{"self":[{"href":"https:\/\/kovat88.synology.me\/wordpress\/wp-json\/wp\/v2\/pages\/5334","targetHints":{"allow":["GET"]}}],"collection":[{"href":"https:\/\/kovat88.synology.me\/wordpress\/wp-json\/wp\/v2\/pages"}],"about":[{"href":"https:\/\/kovat88.synology.me\/wordpress\/wp-json\/wp\/v2\/types\/page"}],"author":[{"embeddable":true,"href":"https:\/\/kovat88.synology.me\/wordpress\/wp-json\/wp\/v2\/users\/1"}],"replies":[{"embeddable":true,"href":"https:\/\/kovat88.synology.me\/wordpress\/wp-json\/wp\/v2\/comments?post=5334"}],"version-history":[{"count":1,"href":"https:\/\/kovat88.synology.me\/wordpress\/wp-json\/wp\/v2\/pages\/5334\/revisions"}],"predecessor-version":[{"id":5335,"href":"https:\/\/kovat88.synology.me\/wordpress\/wp-json\/wp\/v2\/pages\/5334\/revisions\/5335"}],"up":[{"embeddable":true,"href":"https:\/\/kovat88.synology.me\/wordpress\/wp-json\/wp\/v2\/pages\/5314"}],"wp:attachment":[{"href":"https:\/\/kovat88.synology.me\/wordpress\/wp-json\/wp\/v2\/media?parent=5334"}],"curies":[{"name":"wp","href":"https:\/\/api.w.org\/{rel}","templated":true}]}}