{"id":5326,"date":"2026-03-20T19:52:27","date_gmt":"2026-03-20T18:52:27","guid":{"rendered":"https:\/\/kovat88.synology.me\/wordpress\/?page_id=5326"},"modified":"2026-03-20T19:52:27","modified_gmt":"2026-03-20T18:52:27","slug":"messier-1","status":"publish","type":"page","link":"https:\/\/kovat88.synology.me\/wordpress\/egboltnezo\/messier-katalogus\/messier-1\/","title":{"rendered":"Messier 1"},"content":{"rendered":"<p>A katal\u00f3gus els\u0151 eleme a R\u00e1k-k\u00f6d, m\u00e1s n\u00e9ven NGC 1952. K\u00f6r\u00fclbel\u00fcl 6500 f\u00e9ny\u00e9v t\u00e1vols\u00e1gra van. 1054-ben k\u00ednai \u00e9s arab csillag\u00e1szok figyeltek meg egy szupern\u00f3v\u00e1t, ami 23 napig szabad szemmel is l\u00e1that\u00f3 volt. Ennek a maradv\u00e1nya ez a l\u00e1tv\u00e1nyos k\u00f6d. (Az\u00e9rt ha belegondolsz: mekkora robban\u00e1s lehetett, ha kevesebb mint 1000 \u00e9v alatt n\u0151tt meg akkor\u00e1ra, amekkor\u00e1nak most l\u00e1tszik.)<\/p>\n<p>Egyel\u0151re csak ez az 1 k\u00e9pem van r\u00f3la.<\/p>\n<figure id=\"attachment_5305\" aria-describedby=\"caption-attachment-5305\" style=\"width: 801px\" class=\"wp-caption aligncenter\"><img loading=\"lazy\" decoding=\"async\" src=\"https:\/\/kovat88.synology.me\/wordpress\/wp-content\/uploads\/2026\/03\/M1_wm.jpg\" alt=\"Messier 1\" width=\"811\" height=\"1300\" class=\"size-full wp-image-5305\" srcset=\"https:\/\/kovat88.synology.me\/wordpress\/wp-content\/uploads\/2026\/03\/M1_wm.jpg 811w, https:\/\/kovat88.synology.me\/wordpress\/wp-content\/uploads\/2026\/03\/M1_wm-187x300.jpg 187w, https:\/\/kovat88.synology.me\/wordpress\/wp-content\/uploads\/2026\/03\/M1_wm-639x1024.jpg 639w, https:\/\/kovat88.synology.me\/wordpress\/wp-content\/uploads\/2026\/03\/M1_wm-768x1231.jpg 768w\" sizes=\"auto, (max-width: 811px) 100vw, 811px\" \/><figcaption id=\"caption-attachment-5305\" class=\"wp-caption-text\">Messier 1<\/figcaption><\/figure>\n<p><a href=\"https:\/\/kovat88.synology.me\/wordpress\/egboltnezo\/messier-katalogus\/\">Vissza a katal\u00f3gus oldalra<\/a><\/p>\n","protected":false},"excerpt":{"rendered":"<p>A katal\u00f3gus els\u0151 eleme a R\u00e1k-k\u00f6d, m\u00e1s n\u00e9ven NGC 1952. K\u00f6r\u00fclbel\u00fcl 6500 f\u00e9ny\u00e9v t\u00e1vols\u00e1gra van. 1054-ben k\u00ednai \u00e9s arab csillag\u00e1szok figyeltek meg egy szupern\u00f3v\u00e1t, ami 23 napig szabad szemmel is l\u00e1that\u00f3 volt. Ennek a maradv\u00e1nya ez a l\u00e1tv\u00e1nyos k\u00f6d. (Az\u00e9rt ha belegondolsz: mekkora robban\u00e1s lehetett, ha kevesebb mint 1000 \u00e9v alatt n\u0151tt meg akkor\u00e1ra, amekkor\u00e1nak &#8230; <a title=\"Messier 1\" class=\"read-more\" href=\"https:\/\/kovat88.synology.me\/wordpress\/egboltnezo\/messier-katalogus\/messier-1\/\" aria-label=\"Read more about Messier 1\">Olvass tov\u00e1bb<\/a><\/p>\n","protected":false},"author":1,"featured_media":0,"parent":5314,"menu_order":1001,"comment_status":"closed","ping_status":"closed","template":"","meta":{"footnotes":""},"class_list":["post-5326","page","type-page","status-publish"],"_links":{"self":[{"href":"https:\/\/kovat88.synology.me\/wordpress\/wp-json\/wp\/v2\/pages\/5326","targetHints":{"allow":["GET"]}}],"collection":[{"href":"https:\/\/kovat88.synology.me\/wordpress\/wp-json\/wp\/v2\/pages"}],"about":[{"href":"https:\/\/kovat88.synology.me\/wordpress\/wp-json\/wp\/v2\/types\/page"}],"author":[{"embeddable":true,"href":"https:\/\/kovat88.synology.me\/wordpress\/wp-json\/wp\/v2\/users\/1"}],"replies":[{"embeddable":true,"href":"https:\/\/kovat88.synology.me\/wordpress\/wp-json\/wp\/v2\/comments?post=5326"}],"version-history":[{"count":2,"href":"https:\/\/kovat88.synology.me\/wordpress\/wp-json\/wp\/v2\/pages\/5326\/revisions"}],"predecessor-version":[{"id":5328,"href":"https:\/\/kovat88.synology.me\/wordpress\/wp-json\/wp\/v2\/pages\/5326\/revisions\/5328"}],"up":[{"embeddable":true,"href":"https:\/\/kovat88.synology.me\/wordpress\/wp-json\/wp\/v2\/pages\/5314"}],"wp:attachment":[{"href":"https:\/\/kovat88.synology.me\/wordpress\/wp-json\/wp\/v2\/media?parent=5326"}],"curies":[{"name":"wp","href":"https:\/\/api.w.org\/{rel}","templated":true}]}}