{"id":5268,"date":"2025-10-23T08:16:54","date_gmt":"2025-10-23T06:16:54","guid":{"rendered":"https:\/\/kovat88.synology.me\/wordpress\/?page_id=5268"},"modified":"2025-10-23T17:12:13","modified_gmt":"2025-10-23T15:12:13","slug":"csillagaszat-astronomy","status":"publish","type":"page","link":"https:\/\/kovat88.synology.me\/wordpress\/private-cloud\/vegyes-dolgok\/csillagaszat-astronomy\/","title":{"rendered":"Csillag\u00e1szat &#8211; Astronomy"},"content":{"rendered":"<p>Ez m\u00e9g egy nagyon \u00faj oldal, nagyon rossz k\u00e9pekkel. A tanul\u00e1s f\u00e1zis\u00e1ban vagyok.<\/p>\n<div class=\"rl-gallery-container rl-loading\" id=\"rl-gallery-container-1\" data-gallery_id=\"5263\"> <div class=\"rl-gallery rl-basicmasonry-gallery rl-hover-effect-5\" id=\"rl-gallery-1\" data-gallery_no=\"1\"> <div class=\"rl-gutter-sizer\"><\/div><div class=\"rl-grid-sizer\"><\/div> <div class=\"rl-gallery-item rl-gallery-item-width-4\" > <div class=\"rl-gallery-item-content\"> <a href=\"https:\/\/kovat88.synology.me\/wordpress\/wp-content\/uploads\/2025\/12\/triang_wm.jpg\" title=\"\" data-rl_title=\"\" class=\"rl-gallery-link\" data-rl_caption=\"\" data-rel=\"lightbox-gallery-1\"><img loading=\"lazy\" decoding=\"async\" src=\"https:\/\/kovat88.synology.me\/wordpress\/wp-content\/uploads\/2025\/12\/triang_wm-610x1024.jpg\" width=\"610\" height=\"1024\" alt=\"Triangulum galaxis - Messier 33\" \/><span class=\"rl-gallery-caption\"><span class=\"rl-gallery-item-title\">Triangulum galaxis<\/span><\/span><\/a> <\/div> <\/div> <div class=\"rl-gallery-item\" > <div class=\"rl-gallery-item-content\"> <a href=\"https:\/\/kovat88.synology.me\/wordpress\/wp-content\/uploads\/2022\/06\/misc_066.jpg\" title=\"\" data-rl_title=\"\" class=\"rl-gallery-link\" data-rl_caption=\"\" data-rel=\"lightbox-gallery-1\"><img loading=\"lazy\" decoding=\"async\" src=\"https:\/\/kovat88.synology.me\/wordpress\/wp-content\/uploads\/2022\/06\/misc_066-1024x683.jpg\" width=\"1024\" height=\"683\" alt=\"Orion-k\u00f6d\" \/><span class=\"rl-gallery-caption\"><span class=\"rl-gallery-item-title\">Orion-k\u00f6d<\/span><\/span><\/a> <\/div> <\/div> <div class=\"rl-gallery-item\" > <div class=\"rl-gallery-item-content\"> <a href=\"https:\/\/kovat88.synology.me\/wordpress\/wp-content\/uploads\/2022\/06\/misc_063.jpg\" title=\"\" data-rl_title=\"\" class=\"rl-gallery-link\" data-rl_caption=\"\" data-rel=\"lightbox-gallery-1\"><img loading=\"lazy\" decoding=\"async\" src=\"https:\/\/kovat88.synology.me\/wordpress\/wp-content\/uploads\/2022\/06\/misc_063-1024x758.jpg\" width=\"1024\" height=\"758\" alt=\"Hold felsz\u00edn\" \/><span class=\"rl-gallery-caption\"><span class=\"rl-gallery-item-title\">Hold felsz\u00edn<\/span><\/span><\/a> <\/div> <\/div> <div class=\"rl-gallery-item\" > <div class=\"rl-gallery-item-content\"> <a href=\"https:\/\/kovat88.synology.me\/wordpress\/wp-content\/uploads\/2025\/11\/ngc891_wm.jpg\" title=\"\" data-rl_title=\"\" class=\"rl-gallery-link\" data-rl_caption=\"\" data-rel=\"lightbox-gallery-1\"><img loading=\"lazy\" decoding=\"async\" src=\"https:\/\/kovat88.synology.me\/wordpress\/wp-content\/uploads\/2025\/11\/ngc891_wm-581x1024.jpg\" width=\"581\" height=\"1024\" alt=\"NGC 891Silver Sliver\" \/><span class=\"rl-gallery-caption\"><span class=\"rl-gallery-item-title\">NGC 891Silver Sliver<\/span><\/span><\/a> <\/div> <\/div> <div class=\"rl-gallery-item\" > <div class=\"rl-gallery-item-content\"> <a href=\"https:\/\/kovat88.synology.me\/wordpress\/wp-content\/uploads\/2025\/10\/M-42_wm.jpg\" title=\"\" data-rl_title=\"\" class=\"rl-gallery-link\" data-rl_caption=\"\" data-rel=\"lightbox-gallery-1\"><img loading=\"lazy\" decoding=\"async\" src=\"https:\/\/kovat88.synology.me\/wordpress\/wp-content\/uploads\/2025\/10\/M-42_wm-576x1024.jpg\" width=\"576\" height=\"1024\" alt=\"M 42\" \/><span class=\"rl-gallery-caption\"><span class=\"rl-gallery-item-title\">M 42<\/span><\/span><\/a> <\/div> <\/div> <div class=\"rl-gallery-item\" > <div class=\"rl-gallery-item-content\"> <a href=\"https:\/\/kovat88.synology.me\/wordpress\/wp-content\/uploads\/2025\/11\/hold_blog.jpg\" title=\"\" data-rl_title=\"\" class=\"rl-gallery-link\" data-rl_caption=\"\" data-rel=\"lightbox-gallery-1\"><img loading=\"lazy\" decoding=\"async\" src=\"https:\/\/kovat88.synology.me\/wordpress\/wp-content\/uploads\/2025\/11\/hold_blog-894x1024.jpg\" width=\"894\" height=\"1024\" alt=\"Hold\" \/><span class=\"rl-gallery-caption\"><span class=\"rl-gallery-item-title\">Hold<\/span><\/span><\/a> <\/div> <\/div> <div class=\"rl-gallery-item\" > <div class=\"rl-gallery-item-content\"> <a href=\"https:\/\/kovat88.synology.me\/wordpress\/wp-content\/uploads\/2022\/06\/misc_065.jpg\" title=\"\" data-rl_title=\"\" class=\"rl-gallery-link\" data-rl_caption=\"\" data-rel=\"lightbox-gallery-1\"><img loading=\"lazy\" decoding=\"async\" src=\"https:\/\/kovat88.synology.me\/wordpress\/wp-content\/uploads\/2022\/06\/misc_065-549x1024.jpg\" width=\"549\" height=\"1024\" alt=\"Hold felsz\u00edn\" \/><span class=\"rl-gallery-caption\"><span class=\"rl-gallery-item-title\">Hold felsz\u00edn<\/span><\/span><\/a> <\/div> <\/div> <div class=\"rl-gallery-item\" > <div class=\"rl-gallery-item-content\"> <a href=\"https:\/\/kovat88.synology.me\/wordpress\/wp-content\/uploads\/2022\/08\/fototura220827_016.jpg\" title=\"\" data-rl_title=\"\" class=\"rl-gallery-link\" data-rl_caption=\"\" data-rel=\"lightbox-gallery-1\"><img loading=\"lazy\" decoding=\"async\" src=\"https:\/\/kovat88.synology.me\/wordpress\/wp-content\/uploads\/2022\/08\/fototura220827_016-893x1024.jpg\" width=\"893\" height=\"1024\" alt=\"G\u00f6nc\u00f6l, T\u00e9s\" \/><span class=\"rl-gallery-caption\"><span class=\"rl-gallery-item-title\">G\u00f6nc\u00f6l, T\u00e9s<\/span><\/span><\/a> <\/div> <\/div> <div class=\"rl-gallery-item\" > <div class=\"rl-gallery-item-content\"> <a href=\"https:\/\/kovat88.synology.me\/wordpress\/wp-content\/uploads\/2024\/03\/lang-lofej_blog.jpg\" title=\"\" data-rl_title=\"\" class=\"rl-gallery-link\" data-rl_caption=\"\" data-rel=\"lightbox-gallery-1\"><img loading=\"lazy\" decoding=\"async\" src=\"https:\/\/kovat88.synology.me\/wordpress\/wp-content\/uploads\/2024\/03\/lang-lofej_blog-1024x701.jpg\" width=\"1024\" height=\"701\" alt=\"L\u00e1ng-k\u00f6d, L\u00f3fej-k\u00f6d\" \/><span class=\"rl-gallery-caption\"><span class=\"rl-gallery-item-title\">L\u00e1ng-k\u00f6d, L\u00f3fej-k\u00f6d<\/span><\/span><\/a> <\/div> <\/div> <div class=\"rl-gallery-item\" > <div class=\"rl-gallery-item-content\"> <a href=\"https:\/\/kovat88.synology.me\/wordpress\/wp-content\/uploads\/2025\/12\/c23_silver_sliver_wm.jpg\" title=\"\" data-rl_title=\"\" class=\"rl-gallery-link\" data-rl_caption=\"\" data-rel=\"lightbox-gallery-1\"><img loading=\"lazy\" decoding=\"async\" src=\"https:\/\/kovat88.synology.me\/wordpress\/wp-content\/uploads\/2025\/12\/c23_silver_sliver_wm-610x1024.jpg\" width=\"610\" height=\"1024\" alt=\"C23 - Caldwell 23 - Silver Sliver\" \/><span class=\"rl-gallery-caption\"><span class=\"rl-gallery-item-title\">C23 &#8211; Caldwell 23 &#8211; Silver Sliver<\/span><\/span><\/a> <\/div> <\/div> <div class=\"rl-gallery-item\" > <div class=\"rl-gallery-item-content\"> <a href=\"https:\/\/kovat88.synology.me\/wordpress\/wp-content\/uploads\/2024\/03\/blog_wm_cpt.jpg\" title=\"\" data-rl_title=\"\" class=\"rl-gallery-link\" data-rl_caption=\"\" data-rel=\"lightbox-gallery-1\"><img loading=\"lazy\" decoding=\"async\" src=\"https:\/\/kovat88.synology.me\/wordpress\/wp-content\/uploads\/2024\/03\/blog_wm_cpt-1024x651.jpg\" width=\"1024\" height=\"651\" alt=\"Jupiter\" \/><span class=\"rl-gallery-caption\"><span class=\"rl-gallery-item-title\">Jupiter<\/span><\/span><\/a> <\/div> <\/div> <div class=\"rl-gallery-item\" > <div class=\"rl-gallery-item-content\"> <a href=\"https:\/\/kovat88.synology.me\/wordpress\/wp-content\/uploads\/2024\/03\/orionov_01_blogalap.jpg\" title=\"\" data-rl_title=\"\" class=\"rl-gallery-link\" data-rl_caption=\"\" data-rel=\"lightbox-gallery-1\"><img loading=\"lazy\" decoding=\"async\" src=\"https:\/\/kovat88.synology.me\/wordpress\/wp-content\/uploads\/2024\/03\/orionov_01_blogalap-1024x1019.jpg\" width=\"1024\" height=\"1019\" alt=\"Orion\" \/><span class=\"rl-gallery-caption\"><span class=\"rl-gallery-item-title\">Orion<\/span><\/span><\/a> <\/div> <\/div> <div class=\"rl-gallery-item\" > <div class=\"rl-gallery-item-content\"> <a href=\"https:\/\/kovat88.synology.me\/wordpress\/wp-content\/uploads\/2022\/06\/misc_022.jpg\" title=\"\" data-rl_title=\"\" class=\"rl-gallery-link\" data-rl_caption=\"\" data-rel=\"lightbox-gallery-1\"><img loading=\"lazy\" decoding=\"async\" src=\"https:\/\/kovat88.synology.me\/wordpress\/wp-content\/uploads\/2022\/06\/misc_022-1024x758.jpg\" width=\"1024\" height=\"758\" alt=\"Neowise \u00fcst\u00f6k\u00f6s\" \/><span class=\"rl-gallery-caption\"><span class=\"rl-gallery-item-title\">Neowise \u00fcst\u00f6k\u00f6s<\/span><\/span><\/a> <\/div> <\/div> <div class=\"rl-gallery-item\" > <div class=\"rl-gallery-item-content\"> <a href=\"https:\/\/kovat88.synology.me\/wordpress\/wp-content\/uploads\/2022\/06\/misc_060.jpg\" title=\"\" data-rl_title=\"\" class=\"rl-gallery-link\" data-rl_caption=\"\" data-rel=\"lightbox-gallery-1\"><img loading=\"lazy\" decoding=\"async\" src=\"https:\/\/kovat88.synology.me\/wordpress\/wp-content\/uploads\/2022\/06\/misc_060-1024x683.jpg\" width=\"1024\" height=\"683\" alt=\"F\u00e9nyj\u00e1t\u00e9k\" \/><span class=\"rl-gallery-caption\"><span class=\"rl-gallery-item-title\">F\u00e9nyj\u00e1t\u00e9k<\/span><\/span><\/a> <\/div> <\/div> <div class=\"rl-gallery-item\" > <div class=\"rl-gallery-item-content\"> <a href=\"https:\/\/kovat88.synology.me\/wordpress\/wp-content\/uploads\/2025\/12\/ngc_6960_wm.jpg\" title=\"\" data-rl_title=\"\" class=\"rl-gallery-link\" data-rl_caption=\"\" data-rel=\"lightbox-gallery-1\"><img loading=\"lazy\" decoding=\"async\" src=\"https:\/\/kovat88.synology.me\/wordpress\/wp-content\/uploads\/2025\/12\/ngc_6960_wm-610x1024.jpg\" width=\"610\" height=\"1024\" alt=\"F\u00e1tyol-k\u00f6d - NGC 6960\" \/><span class=\"rl-gallery-caption\"><span class=\"rl-gallery-item-title\">F\u00e1tyol-k\u00f6d &#8211; NGC 6960<\/span><\/span><\/a> <\/div> <\/div> <div class=\"rl-gallery-item\" > <div class=\"rl-gallery-item-content\"> <a href=\"https:\/\/kovat88.synology.me\/wordpress\/wp-content\/uploads\/2022\/06\/misc_085.jpg\" title=\"\" data-rl_title=\"\" class=\"rl-gallery-link\" data-rl_caption=\"\" data-rel=\"lightbox-gallery-1\"><img loading=\"lazy\" decoding=\"async\" src=\"https:\/\/kovat88.synology.me\/wordpress\/wp-content\/uploads\/2022\/06\/misc_085-1024x702.jpg\" width=\"1024\" height=\"702\" alt=\"Tej\u00fat\" \/><span class=\"rl-gallery-caption\"><span class=\"rl-gallery-item-title\">Tej\u00fat<\/span><\/span><\/a> <\/div> <\/div> <div class=\"rl-gallery-item\" > <div class=\"rl-gallery-item-content\"> <a href=\"https:\/\/kovat88.synology.me\/wordpress\/wp-content\/uploads\/2022\/06\/misc_035.jpg\" title=\"\" data-rl_title=\"\" class=\"rl-gallery-link\" data-rl_caption=\"\" data-rel=\"lightbox-gallery-1\"><img loading=\"lazy\" decoding=\"async\" src=\"https:\/\/kovat88.synology.me\/wordpress\/wp-content\/uploads\/2022\/06\/misc_035-716x1024.jpg\" width=\"716\" height=\"1024\" alt=\"Tej\u00fat\" \/><span class=\"rl-gallery-caption\"><span class=\"rl-gallery-item-title\">Tej\u00fat<\/span><\/span><\/a> <\/div> <\/div> <div class=\"rl-gallery-item\" > <div class=\"rl-gallery-item-content\"> <a href=\"https:\/\/kovat88.synology.me\/wordpress\/wp-content\/uploads\/2025\/10\/C2025-A6-Lemmon_wm.jpg\" title=\"\" data-rl_title=\"\" class=\"rl-gallery-link\" data-rl_caption=\"\" data-rel=\"lightbox-gallery-1\"><img loading=\"lazy\" decoding=\"async\" src=\"https:\/\/kovat88.synology.me\/wordpress\/wp-content\/uploads\/2025\/10\/C2025-A6-Lemmon_wm-610x1024.jpg\" width=\"610\" height=\"1024\" alt=\"Comet C2025 A6 (Lemmon)\" \/><span class=\"rl-gallery-caption\"><span class=\"rl-gallery-item-title\">Comet C2025 A6 (Lemmon)<\/span><\/span><\/a> <\/div> <\/div> <div class=\"rl-gallery-item\" > <div class=\"rl-gallery-item-content\"> <a href=\"https:\/\/kovat88.synology.me\/wordpress\/wp-content\/uploads\/2026\/03\/M42_blog.jpg\" title=\"\" data-rl_title=\"\" class=\"rl-gallery-link\" data-rl_caption=\"\" data-rel=\"lightbox-gallery-1\"><img loading=\"lazy\" decoding=\"async\" src=\"https:\/\/kovat88.synology.me\/wordpress\/wp-content\/uploads\/2026\/03\/M42_blog-814x1024.jpg\" width=\"814\" height=\"1024\" alt=\"Messier 42\" \/><span class=\"rl-gallery-caption\"><span class=\"rl-gallery-item-title\">Messier 42<\/span><\/span><\/a> <\/div> <\/div> <div class=\"rl-gallery-item\" > <div class=\"rl-gallery-item-content\"> <a href=\"https:\/\/kovat88.synology.me\/wordpress\/wp-content\/uploads\/2026\/03\/M101_blog.jpg\" title=\"\" data-rl_title=\"\" class=\"rl-gallery-link\" data-rl_caption=\"\" data-rel=\"lightbox-gallery-1\"><img loading=\"lazy\" decoding=\"async\" src=\"https:\/\/kovat88.synology.me\/wordpress\/wp-content\/uploads\/2026\/03\/M101_blog-676x1024.jpg\" width=\"676\" height=\"1024\" alt=\"Messier 101\" \/><span class=\"rl-gallery-caption\"><span class=\"rl-gallery-item-title\">Messier 101<\/span><\/span><\/a> <\/div> <\/div> <div class=\"rl-gallery-item\" > <div class=\"rl-gallery-item-content\"> <a href=\"https:\/\/kovat88.synology.me\/wordpress\/wp-content\/uploads\/2026\/03\/M81-M82_wm.jpg\" title=\"\" data-rl_title=\"\" class=\"rl-gallery-link\" data-rl_caption=\"\" data-rel=\"lightbox-gallery-1\"><img loading=\"lazy\" decoding=\"async\" src=\"https:\/\/kovat88.synology.me\/wordpress\/wp-content\/uploads\/2026\/03\/M81-M82_wm-602x1024.jpg\" width=\"602\" height=\"1024\" alt=\"Messier 81-82\" \/><span class=\"rl-gallery-caption\"><span class=\"rl-gallery-item-title\">Messier 81-82<\/span><\/span><\/a> <\/div> <\/div> <div class=\"rl-gallery-item\" > <div class=\"rl-gallery-item-content\"> <a href=\"https:\/\/kovat88.synology.me\/wordpress\/wp-content\/uploads\/2022\/08\/fototura220827_018.jpg\" title=\"\" data-rl_title=\"\" class=\"rl-gallery-link\" data-rl_caption=\"\" data-rel=\"lightbox-gallery-1\"><img loading=\"lazy\" decoding=\"async\" src=\"https:\/\/kovat88.synology.me\/wordpress\/wp-content\/uploads\/2022\/08\/fototura220827_018-748x1024.jpg\" width=\"748\" height=\"1024\" alt=\"G\u00f6nc\u00f6l, T\u00e9s\" \/><span class=\"rl-gallery-caption\"><span class=\"rl-gallery-item-title\">G\u00f6nc\u00f6l, T\u00e9s<\/span><\/span><\/a> <\/div> <\/div> <div class=\"rl-gallery-item\" > <div class=\"rl-gallery-item-content\"> <a href=\"https:\/\/kovat88.synology.me\/wordpress\/wp-content\/uploads\/2023\/06\/P70C3050-2_wm_.jpg\" title=\"\" data-rl_title=\"\" class=\"rl-gallery-link\" data-rl_caption=\"\" data-rel=\"lightbox-gallery-1\"><img loading=\"lazy\" decoding=\"async\" src=\"https:\/\/kovat88.synology.me\/wordpress\/wp-content\/uploads\/2023\/06\/P70C3050-2_wm_-1024x832.jpg\" width=\"1024\" height=\"832\" alt=\"2023.06.03.\" \/><span class=\"rl-gallery-caption\"><span class=\"rl-gallery-item-title\">2023.06.03.<\/span><\/span><\/a> <\/div> <\/div> <div class=\"rl-gallery-item\" > <div class=\"rl-gallery-item-content\"> <a href=\"https:\/\/kovat88.synology.me\/wordpress\/wp-content\/uploads\/2022\/06\/misc_061.jpg\" title=\"\" data-rl_title=\"\" class=\"rl-gallery-link\" data-rl_caption=\"\" data-rel=\"lightbox-gallery-1\"><img loading=\"lazy\" decoding=\"async\" src=\"https:\/\/kovat88.synology.me\/wordpress\/wp-content\/uploads\/2022\/06\/misc_061-1024x724.jpg\" width=\"1024\" height=\"724\" alt=\"Androm\u00e9da galaxis - Perseida\" \/><span class=\"rl-gallery-caption\"><span class=\"rl-gallery-item-title\">Androm\u00e9da galaxis &#8211; Perseida<\/span><\/span><\/a> <\/div> <\/div> <div class=\"rl-gallery-item\" > <div class=\"rl-gallery-item-content\"> <a href=\"https:\/\/kovat88.synology.me\/wordpress\/wp-content\/uploads\/2022\/08\/fototura220827_015.jpg\" title=\"\" data-rl_title=\"\" class=\"rl-gallery-link\" data-rl_caption=\"\" data-rel=\"lightbox-gallery-1\"><img loading=\"lazy\" decoding=\"async\" src=\"https:\/\/kovat88.synology.me\/wordpress\/wp-content\/uploads\/2022\/08\/fototura220827_015-865x1024.jpg\" width=\"865\" height=\"1024\" alt=\"G\u00f6nc\u00f6l, T\u00e9s\" \/><span class=\"rl-gallery-caption\"><span class=\"rl-gallery-item-title\">G\u00f6nc\u00f6l, T\u00e9s<\/span><\/span><\/a> <\/div> <\/div> <div class=\"rl-gallery-item\" > <div class=\"rl-gallery-item-content\"> <a href=\"https:\/\/kovat88.synology.me\/wordpress\/wp-content\/uploads\/2022\/06\/misc_036.jpg\" title=\"\" data-rl_title=\"\" class=\"rl-gallery-link\" data-rl_caption=\"\" data-rel=\"lightbox-gallery-1\"><img loading=\"lazy\" decoding=\"async\" src=\"https:\/\/kovat88.synology.me\/wordpress\/wp-content\/uploads\/2022\/06\/misc_036-1024x683.jpg\" width=\"1024\" height=\"683\" alt=\"Csillagj\u00e1r\u00e1s - Forg\u00e1sok\" \/><span class=\"rl-gallery-caption\"><span class=\"rl-gallery-item-title\">Csillagj\u00e1r\u00e1s &#8211; Forg\u00e1sok<\/span><\/span><\/a> <\/div> <\/div> <div class=\"rl-gallery-item\" > <div class=\"rl-gallery-item-content\"> <a href=\"https:\/\/kovat88.synology.me\/wordpress\/wp-content\/uploads\/2023\/06\/P70C3476_wm.jpg\" title=\"\" data-rl_title=\"\" class=\"rl-gallery-link\" data-rl_caption=\"\" data-rel=\"lightbox-gallery-1\"><img loading=\"lazy\" decoding=\"async\" src=\"https:\/\/kovat88.synology.me\/wordpress\/wp-content\/uploads\/2023\/06\/P70C3476_wm-748x1024.jpg\" width=\"748\" height=\"1024\" alt=\"2023.06.19.\" \/><span class=\"rl-gallery-caption\"><span class=\"rl-gallery-item-title\">2023.06.19.<\/span><\/span><\/a> <\/div> <\/div> <div class=\"rl-gallery-item\" > <div class=\"rl-gallery-item-content\"> <a href=\"https:\/\/kovat88.synology.me\/wordpress\/wp-content\/uploads\/2022\/06\/misc_010.jpg\" title=\"\" data-rl_title=\"\" class=\"rl-gallery-link\" data-rl_caption=\"\" data-rel=\"lightbox-gallery-1\"><img loading=\"lazy\" decoding=\"async\" src=\"https:\/\/kovat88.synology.me\/wordpress\/wp-content\/uploads\/2022\/06\/misc_010-605x1024.jpg\" width=\"605\" height=\"1024\" alt=\"Tej\u00fat\" \/><span class=\"rl-gallery-caption\"><span class=\"rl-gallery-item-title\">Tej\u00fat<\/span><\/span><\/a> <\/div> <\/div> <div class=\"rl-gallery-item\" > <div class=\"rl-gallery-item-content\"> <a href=\"https:\/\/kovat88.synology.me\/wordpress\/wp-content\/uploads\/2022\/06\/misc_009.jpg\" title=\"\" data-rl_title=\"\" class=\"rl-gallery-link\" data-rl_caption=\"\" data-rel=\"lightbox-gallery-1\"><img loading=\"lazy\" decoding=\"async\" src=\"https:\/\/kovat88.synology.me\/wordpress\/wp-content\/uploads\/2022\/06\/misc_009-1024x678.jpg\" width=\"1024\" height=\"678\" alt=\"Tej\u00fat\" \/><span class=\"rl-gallery-caption\"><span class=\"rl-gallery-item-title\">Tej\u00fat<\/span><\/span><\/a> <\/div> <\/div> <div class=\"rl-gallery-item\" > <div class=\"rl-gallery-item-content\"> <a href=\"https:\/\/kovat88.synology.me\/wordpress\/wp-content\/uploads\/2026\/03\/M51_blog.jpg\" title=\"\" data-rl_title=\"\" class=\"rl-gallery-link\" data-rl_caption=\"\" data-rel=\"lightbox-gallery-1\"><img loading=\"lazy\" decoding=\"async\" src=\"https:\/\/kovat88.synology.me\/wordpress\/wp-content\/uploads\/2026\/03\/M51_blog-719x1024.jpg\" width=\"719\" height=\"1024\" alt=\"Messier 51\" \/><span class=\"rl-gallery-caption\"><span class=\"rl-gallery-item-title\">Messier 51<\/span><\/span><\/a> <\/div> <\/div> <div class=\"rl-gallery-item\" > <div class=\"rl-gallery-item-content\"> <a href=\"https:\/\/kovat88.synology.me\/wordpress\/wp-content\/uploads\/2026\/03\/M1_wm.jpg\" title=\"\" data-rl_title=\"\" class=\"rl-gallery-link\" data-rl_caption=\"\" data-rel=\"lightbox-gallery-1\"><img loading=\"lazy\" decoding=\"async\" src=\"https:\/\/kovat88.synology.me\/wordpress\/wp-content\/uploads\/2026\/03\/M1_wm-639x1024.jpg\" width=\"639\" height=\"1024\" alt=\"Messier 1\" \/><span class=\"rl-gallery-caption\"><span class=\"rl-gallery-item-title\">Messier 1<\/span><\/span><\/a> <\/div> <\/div> <div class=\"rl-gallery-item\" > <div class=\"rl-gallery-item-content\"> <a href=\"https:\/\/kovat88.synology.me\/wordpress\/wp-content\/uploads\/2025\/12\/pleiad_wm.jpg\" title=\"\" data-rl_title=\"\" class=\"rl-gallery-link\" data-rl_caption=\"\" data-rel=\"lightbox-gallery-1\"><img loading=\"lazy\" decoding=\"async\" src=\"https:\/\/kovat88.synology.me\/wordpress\/wp-content\/uploads\/2025\/12\/pleiad_wm-607x1024.jpg\" width=\"607\" height=\"1024\" alt=\"Pleiadok\" \/><span class=\"rl-gallery-caption\"><span class=\"rl-gallery-item-title\">Pleiadok<\/span><\/span><\/a> <\/div> <\/div> <div class=\"rl-gallery-item\" > <div class=\"rl-gallery-item-content\"> <a href=\"https:\/\/kovat88.synology.me\/wordpress\/wp-content\/uploads\/2022\/08\/fototura220827_006.jpg\" title=\"\" data-rl_title=\"\" class=\"rl-gallery-link\" data-rl_caption=\"\" data-rel=\"lightbox-gallery-1\"><img loading=\"lazy\" decoding=\"async\" src=\"https:\/\/kovat88.synology.me\/wordpress\/wp-content\/uploads\/2022\/08\/fototura220827_006-1024x935.jpg\" width=\"1024\" height=\"935\" alt=\"T\u00e9s\" \/><span class=\"rl-gallery-caption\"><span class=\"rl-gallery-item-title\">T\u00e9s<\/span><\/span><\/a> <\/div> <\/div> <div class=\"rl-gallery-item\" > <div class=\"rl-gallery-item-content\"> <a href=\"https:\/\/kovat88.synology.me\/wordpress\/wp-content\/uploads\/2023\/06\/P70C3468_wm.jpg\" title=\"\" data-rl_title=\"\" class=\"rl-gallery-link\" data-rl_caption=\"\" data-rel=\"lightbox-gallery-1\"><img loading=\"lazy\" decoding=\"async\" src=\"https:\/\/kovat88.synology.me\/wordpress\/wp-content\/uploads\/2023\/06\/P70C3468_wm-998x1024.jpg\" width=\"998\" height=\"1024\" alt=\"2023.06.19.\" \/><span class=\"rl-gallery-caption\"><span class=\"rl-gallery-item-title\">2023.06.19.<\/span><\/span><\/a> <\/div> <\/div> <div class=\"rl-gallery-item\" > <div class=\"rl-gallery-item-content\"> <a href=\"https:\/\/kovat88.synology.me\/wordpress\/wp-content\/uploads\/2025\/12\/horsehead_wm.jpg\" title=\"\" data-rl_title=\"\" class=\"rl-gallery-link\" data-rl_caption=\"\" data-rel=\"lightbox-gallery-1\"><img loading=\"lazy\" decoding=\"async\" src=\"https:\/\/kovat88.synology.me\/wordpress\/wp-content\/uploads\/2025\/12\/horsehead_wm-610x1024.jpg\" width=\"610\" height=\"1024\" alt=\"L\u00e1ng- k\u00f6d - L\u00f3fej-k\u00f6d\" \/><span class=\"rl-gallery-caption\"><span class=\"rl-gallery-item-title\">L\u00e1ng- k\u00f6d &#8211; L\u00f3fej-k\u00f6d<\/span><\/span><\/a> <\/div> <\/div> <div class=\"rl-gallery-item\" > <div class=\"rl-gallery-item-content\"> <a href=\"https:\/\/kovat88.synology.me\/wordpress\/wp-content\/uploads\/2025\/10\/C2025_A6_Lemmon_wm_idx.jpg\" title=\"\" data-rl_title=\"\" class=\"rl-gallery-link\" data-rl_caption=\"\" data-rel=\"lightbox-gallery-1\"><img loading=\"lazy\" decoding=\"async\" src=\"https:\/\/kovat88.synology.me\/wordpress\/wp-content\/uploads\/2025\/10\/C2025_A6_Lemmon_wm_idx-576x1024.jpg\" width=\"576\" height=\"1024\" alt=\"Comet C2025 A6 (Lemmon)\" \/><span class=\"rl-gallery-caption\"><span class=\"rl-gallery-item-title\">Comet C2025 A6 (Lemmon)<\/span><\/span><\/a> <\/div> <\/div> <div class=\"rl-gallery-item\" > <div class=\"rl-gallery-item-content\"> <a href=\"https:\/\/kovat88.synology.me\/wordpress\/wp-content\/uploads\/2026\/03\/M-44_blog.jpg\" title=\"\" data-rl_title=\"\" class=\"rl-gallery-link\" data-rl_caption=\"\" data-rel=\"lightbox-gallery-1\"><img loading=\"lazy\" decoding=\"async\" src=\"https:\/\/kovat88.synology.me\/wordpress\/wp-content\/uploads\/2026\/03\/M-44_blog-610x1024.jpg\" width=\"610\" height=\"1024\" alt=\"Messier 44\" \/><span class=\"rl-gallery-caption\"><span class=\"rl-gallery-item-title\">Messier 44<\/span><\/span><\/a> <\/div> <\/div> <div class=\"rl-gallery-item\" > <div class=\"rl-gallery-item-content\"> <a href=\"https:\/\/kovat88.synology.me\/wordpress\/wp-content\/uploads\/2022\/08\/fototura220827_017.jpg\" title=\"\" data-rl_title=\"\" class=\"rl-gallery-link\" data-rl_caption=\"\" data-rel=\"lightbox-gallery-1\"><img loading=\"lazy\" decoding=\"async\" src=\"https:\/\/kovat88.synology.me\/wordpress\/wp-content\/uploads\/2022\/08\/fototura220827_017-1024x1021.jpg\" width=\"1024\" height=\"1021\" alt=\"G\u00f6nc\u00f6l, T\u00e9s\" \/><span class=\"rl-gallery-caption\"><span class=\"rl-gallery-item-title\">G\u00f6nc\u00f6l, T\u00e9s<\/span><\/span><\/a> <\/div> <\/div> <\/div> <h4 class=\"rl-gallery-title\">Csillagok<\/h4> <\/div>\n","protected":false},"excerpt":{"rendered":"<p>Ez m\u00e9g egy nagyon \u00faj oldal, nagyon rossz k\u00e9pekkel. A tanul\u00e1s f\u00e1zis\u00e1ban vagyok.<\/p>\n","protected":false},"author":1,"featured_media":0,"parent":3523,"menu_order":20251023,"comment_status":"closed","ping_status":"closed","template":"","meta":{"footnotes":""},"class_list":["post-5268","page","type-page","status-publish"],"_links":{"self":[{"href":"https:\/\/kovat88.synology.me\/wordpress\/wp-json\/wp\/v2\/pages\/5268","targetHints":{"allow":["GET"]}}],"collection":[{"href":"https:\/\/kovat88.synology.me\/wordpress\/wp-json\/wp\/v2\/pages"}],"about":[{"href":"https:\/\/kovat88.synology.me\/wordpress\/wp-json\/wp\/v2\/types\/page"}],"author":[{"embeddable":true,"href":"https:\/\/kovat88.synology.me\/wordpress\/wp-json\/wp\/v2\/users\/1"}],"replies":[{"embeddable":true,"href":"https:\/\/kovat88.synology.me\/wordpress\/wp-json\/wp\/v2\/comments?post=5268"}],"version-history":[{"count":3,"href":"https:\/\/kovat88.synology.me\/wordpress\/wp-json\/wp\/v2\/pages\/5268\/revisions"}],"predecessor-version":[{"id":5277,"href":"https:\/\/kovat88.synology.me\/wordpress\/wp-json\/wp\/v2\/pages\/5268\/revisions\/5277"}],"up":[{"embeddable":true,"href":"https:\/\/kovat88.synology.me\/wordpress\/wp-json\/wp\/v2\/pages\/3523"}],"wp:attachment":[{"href":"https:\/\/kovat88.synology.me\/wordpress\/wp-json\/wp\/v2\/media?parent=5268"}],"curies":[{"name":"wp","href":"https:\/\/api.w.org\/{rel}","templated":true}]}}