{"id":4405,"date":"2023-03-17T15:16:44","date_gmt":"2023-03-17T14:16:44","guid":{"rendered":"https:\/\/kovat88.synology.me\/wordpress\/?page_id=4405"},"modified":"2024-03-10T12:24:56","modified_gmt":"2024-03-10T11:24:56","slug":"miniszobor-torpetura-1","status":"publish","type":"page","link":"https:\/\/kovat88.synology.me\/wordpress\/private-cloud\/vegyes-dolgok\/miniszobor-torpetura-1\/","title":{"rendered":"Miniszobor t\u00f6rpet\u00fara"},"content":{"rendered":"<style type=\"text\/css\" id=\"umsMapStyles_11_21526\">\r\n    #ultimate_maps_11_21526 {\r\n        width: 1000px;\r\n        height: 400px;\r\n                border: 0px solid ;\r\n        margin: 0px;\r\n    }\r\n    #mapsControlsNum_11_21526 {\r\n        width:1000px    }\r\n    .umsMapDetailsContainer#umsMapDetailsContainer_11_21526 {\r\n        height:400px;\r\n    }\r\n    .ums_MapPreview#ultimate_maps_11_21526 {\r\n        \/*position:absolute;*\/\r\n        width:100%;\r\n    }\r\n    #mapConElem_11_21526{\r\n        width:1000px    }\r\n    <\/style><div class=\"ums_map_opts\" id=\"mapConElem_11_21526\" data-id=\"11\" data-view-id=\"11_21526\" > <div class=\"umsMapDetailsContainer\" id=\"umsMapDetailsContainer_11_21526\"> <i class=\"umsKMLLayersPreloader fa fa-spinner fa-spin\" aria-hidden=\"true\" style=\"display: none;\"><\/i> <div class=\"ums_MapPreview \" id=\"ultimate_maps_11_21526\"><\/div> <\/div> <div class=\"umsMapMarkerFilters\" id=\"umsMapMarkerFilters_11_21526\"> <\/div> <div class=\"umsMapProControlsCon\" id=\"umsMapProControlsCon_11_21526\"> <a title=\"WP Google Maps\" style=\"display:none;\" href=\"https:\/\/supsystic.com\/plugins\/google-maps-plugin\/?utm_medium=love_link_hide\" target=\"_blank\">WP Google Maps<\/a><div style=\"clear: both;\"><\/div> <\/div> <div class=\"umsMapProDirectionsCon\" id=\"umsMapProDirectionsCon_11_21526\" > <\/div> <div class=\"umsMapProKmlFilterCon\" id=\"umsMapProKmlFilterCon_11_21526\" > <\/div> <div class=\"umsSocialSharingShell umsSocialSharingShell_11_21526\"> <\/div> <div style=\"clear: both;\"><\/div> <\/div>\n<p>Kolodko Mih\u00e1ly t\u00f6rpeszobrait j\u00e1r\u00f3  t\u00fara els\u0151 \u00e9s m\u00e1sodik r\u00e9sze.<br \/>\n(Folytat\u00e1sa k\u00f6vetkezik.)<\/p>\n<div class=\"rl-gallery-container rl-loading\" id=\"rl-gallery-container-1\" data-gallery_id=\"4723\"> <div class=\"rl-gallery rl-basicmasonry-gallery rl-hover-effect-6\" id=\"rl-gallery-1\" data-gallery_no=\"1\"> <div class=\"rl-gutter-sizer\"><\/div><div class=\"rl-grid-sizer\"><\/div> <div class=\"rl-gallery-item rl-gallery-item-width-4\" > <div class=\"rl-gallery-item-content\"> <a href=\"https:\/\/kovat88.synology.me\/wordpress\/wp-content\/uploads\/2023\/03\/230317014.jpg\" title=\"\" data-rl_title=\"\" class=\"rl-gallery-link\" data-rl_caption=\"\" data-rel=\"lightbox-gallery-1\"><img loading=\"lazy\" decoding=\"async\" src=\"https:\/\/kovat88.synology.me\/wordpress\/wp-content\/uploads\/2023\/03\/230317014-1024x743.jpg\" width=\"1024\" height=\"743\" alt=\"Miniszobor t\u00f6rpet\u00fara 1\" \/><\/a> <\/div> <\/div> <div class=\"rl-gallery-item\" > <div class=\"rl-gallery-item-content\"> <a href=\"https:\/\/kovat88.synology.me\/wordpress\/wp-content\/uploads\/2023\/03\/230317023.jpg\" title=\"\" data-rl_title=\"\" class=\"rl-gallery-link\" data-rl_caption=\"\" data-rel=\"lightbox-gallery-1\"><img loading=\"lazy\" decoding=\"async\" src=\"https:\/\/kovat88.synology.me\/wordpress\/wp-content\/uploads\/2023\/03\/230317023-1024x806.jpg\" width=\"1024\" height=\"806\" alt=\"Miniszobor t\u00f6rpet\u00fara 1\" \/><\/a> <\/div> <\/div> <div class=\"rl-gallery-item\" > <div class=\"rl-gallery-item-content\"> <a href=\"https:\/\/kovat88.synology.me\/wordpress\/wp-content\/uploads\/2023\/03\/230317004.jpg\" title=\"\" data-rl_title=\"\" class=\"rl-gallery-link\" data-rl_caption=\"\" data-rel=\"lightbox-gallery-1\"><img loading=\"lazy\" decoding=\"async\" src=\"https:\/\/kovat88.synology.me\/wordpress\/wp-content\/uploads\/2023\/03\/230317004-582x1024.jpg\" width=\"582\" height=\"1024\" alt=\"Miniszobor t\u00f6rpet\u00fara 1\" \/><\/a> <\/div> <\/div> <div class=\"rl-gallery-item\" > <div class=\"rl-gallery-item-content\"> <a href=\"https:\/\/kovat88.synology.me\/wordpress\/wp-content\/uploads\/2023\/03\/230317005.jpg\" title=\"\" data-rl_title=\"\" class=\"rl-gallery-link\" data-rl_caption=\"\" data-rel=\"lightbox-gallery-1\"><img loading=\"lazy\" decoding=\"async\" src=\"https:\/\/kovat88.synology.me\/wordpress\/wp-content\/uploads\/2023\/03\/230317005-1024x857.jpg\" width=\"1024\" height=\"857\" alt=\"Miniszobor t\u00f6rpet\u00fara 1\" \/><\/a> <\/div> <\/div> <div class=\"rl-gallery-item\" > <div class=\"rl-gallery-item-content\"> <a href=\"https:\/\/kovat88.synology.me\/wordpress\/wp-content\/uploads\/2023\/03\/230321001.jpg\" title=\"\" data-rl_title=\"\" class=\"rl-gallery-link\" data-rl_caption=\"\" data-rel=\"lightbox-gallery-1\"><img loading=\"lazy\" decoding=\"async\" src=\"https:\/\/kovat88.synology.me\/wordpress\/wp-content\/uploads\/2023\/03\/230321001-1024x618.jpg\" width=\"1024\" height=\"618\" alt=\"Miniszobor t\u00f6rpet\u00fara 2\" \/><\/a> <\/div> <\/div> <div class=\"rl-gallery-item\" > <div class=\"rl-gallery-item-content\"> <a href=\"https:\/\/kovat88.synology.me\/wordpress\/wp-content\/uploads\/2023\/03\/230317007.jpg\" title=\"\" data-rl_title=\"\" class=\"rl-gallery-link\" data-rl_caption=\"\" data-rel=\"lightbox-gallery-1\"><img loading=\"lazy\" decoding=\"async\" src=\"https:\/\/kovat88.synology.me\/wordpress\/wp-content\/uploads\/2023\/03\/230317007-864x1024.jpg\" width=\"864\" height=\"1024\" alt=\"Miniszobor t\u00f6rpet\u00fara 1\" \/><\/a> <\/div> <\/div> <div class=\"rl-gallery-item\" > <div class=\"rl-gallery-item-content\"> <a href=\"https:\/\/kovat88.synology.me\/wordpress\/wp-content\/uploads\/2023\/03\/230317019.jpg\" title=\"\" data-rl_title=\"\" class=\"rl-gallery-link\" data-rl_caption=\"\" data-rel=\"lightbox-gallery-1\"><img loading=\"lazy\" decoding=\"async\" src=\"https:\/\/kovat88.synology.me\/wordpress\/wp-content\/uploads\/2023\/03\/230317019-1024x524.jpg\" width=\"1024\" height=\"524\" alt=\"Miniszobor t\u00f6rpet\u00fara 1\" \/><\/a> <\/div> <\/div> <div class=\"rl-gallery-item\" > <div class=\"rl-gallery-item-content\"> <a href=\"https:\/\/kovat88.synology.me\/wordpress\/wp-content\/uploads\/2023\/03\/230321004.jpg\" title=\"\" data-rl_title=\"\" class=\"rl-gallery-link\" data-rl_caption=\"\" data-rel=\"lightbox-gallery-1\"><img loading=\"lazy\" decoding=\"async\" src=\"https:\/\/kovat88.synology.me\/wordpress\/wp-content\/uploads\/2023\/03\/230321004-614x1024.jpg\" width=\"614\" height=\"1024\" alt=\"Miniszobor t\u00f6rpet\u00fara 2\" \/><\/a> <\/div> <\/div> <div class=\"rl-gallery-item\" > <div class=\"rl-gallery-item-content\"> <a href=\"https:\/\/kovat88.synology.me\/wordpress\/wp-content\/uploads\/2023\/03\/230321003.jpg\" title=\"\" data-rl_title=\"\" class=\"rl-gallery-link\" data-rl_caption=\"\" data-rel=\"lightbox-gallery-1\"><img loading=\"lazy\" decoding=\"async\" src=\"https:\/\/kovat88.synology.me\/wordpress\/wp-content\/uploads\/2023\/03\/230321003-1024x777.jpg\" width=\"1024\" height=\"777\" alt=\"Miniszobor t\u00f6rpet\u00fara 2\" \/><\/a> <\/div> <\/div> <div class=\"rl-gallery-item\" > <div class=\"rl-gallery-item-content\"> <a href=\"https:\/\/kovat88.synology.me\/wordpress\/wp-content\/uploads\/2023\/03\/230317011.jpg\" title=\"\" data-rl_title=\"\" class=\"rl-gallery-link\" data-rl_caption=\"\" data-rel=\"lightbox-gallery-1\"><img loading=\"lazy\" decoding=\"async\" src=\"https:\/\/kovat88.synology.me\/wordpress\/wp-content\/uploads\/2023\/03\/230317011-1024x959.jpg\" width=\"1024\" height=\"959\" alt=\"Miniszobor t\u00f6rpet\u00fara 1\" \/><\/a> <\/div> <\/div> <div class=\"rl-gallery-item\" > <div class=\"rl-gallery-item-content\"> <a href=\"https:\/\/kovat88.synology.me\/wordpress\/wp-content\/uploads\/2023\/03\/230317022.jpg\" title=\"\" data-rl_title=\"\" class=\"rl-gallery-link\" data-rl_caption=\"\" data-rel=\"lightbox-gallery-1\"><img loading=\"lazy\" decoding=\"async\" src=\"https:\/\/kovat88.synology.me\/wordpress\/wp-content\/uploads\/2023\/03\/230317022-1024x678.jpg\" width=\"1024\" height=\"678\" alt=\"Miniszobor t\u00f6rpet\u00fara 1\" \/><\/a> <\/div> <\/div> <div class=\"rl-gallery-item\" > <div class=\"rl-gallery-item-content\"> <a href=\"https:\/\/kovat88.synology.me\/wordpress\/wp-content\/uploads\/2023\/03\/230317009.jpg\" title=\"\" data-rl_title=\"\" class=\"rl-gallery-link\" data-rl_caption=\"\" data-rel=\"lightbox-gallery-1\"><img loading=\"lazy\" decoding=\"async\" src=\"https:\/\/kovat88.synology.me\/wordpress\/wp-content\/uploads\/2023\/03\/230317009-919x1024.jpg\" width=\"919\" height=\"1024\" alt=\"Miniszobor t\u00f6rpet\u00fara 1\" \/><\/a> <\/div> <\/div> <div class=\"rl-gallery-item\" > <div class=\"rl-gallery-item-content\"> <a href=\"https:\/\/kovat88.synology.me\/wordpress\/wp-content\/uploads\/2023\/03\/230317002.jpg\" title=\"\" data-rl_title=\"\" class=\"rl-gallery-link\" data-rl_caption=\"\" data-rel=\"lightbox-gallery-1\"><img loading=\"lazy\" decoding=\"async\" src=\"https:\/\/kovat88.synology.me\/wordpress\/wp-content\/uploads\/2023\/03\/230317002-1024x683.jpg\" width=\"1024\" height=\"683\" alt=\"Miniszobor t\u00f6rpet\u00fara 1\" \/><\/a> <\/div> <\/div> <div class=\"rl-gallery-item\" > <div class=\"rl-gallery-item-content\"> <a href=\"https:\/\/kovat88.synology.me\/wordpress\/wp-content\/uploads\/2023\/03\/230317020.jpg\" title=\"\" data-rl_title=\"\" class=\"rl-gallery-link\" data-rl_caption=\"\" data-rel=\"lightbox-gallery-1\"><img loading=\"lazy\" decoding=\"async\" src=\"https:\/\/kovat88.synology.me\/wordpress\/wp-content\/uploads\/2023\/03\/230317020-1024x713.jpg\" width=\"1024\" height=\"713\" alt=\"Miniszobor t\u00f6rpet\u00fara 1\" \/><\/a> <\/div> <\/div> <div class=\"rl-gallery-item\" > <div class=\"rl-gallery-item-content\"> <a href=\"https:\/\/kovat88.synology.me\/wordpress\/wp-content\/uploads\/2023\/03\/230317026.jpg\" title=\"\" data-rl_title=\"\" class=\"rl-gallery-link\" data-rl_caption=\"\" data-rel=\"lightbox-gallery-1\"><img loading=\"lazy\" decoding=\"async\" src=\"https:\/\/kovat88.synology.me\/wordpress\/wp-content\/uploads\/2023\/03\/230317026-1024x430.jpg\" width=\"1024\" height=\"430\" alt=\"Miniszobor t\u00f6rpet\u00fara 1\" \/><\/a> <\/div> <\/div> <div class=\"rl-gallery-item\" > <div class=\"rl-gallery-item-content\"> <a href=\"https:\/\/kovat88.synology.me\/wordpress\/wp-content\/uploads\/2023\/03\/230317021.jpg\" title=\"\" data-rl_title=\"\" class=\"rl-gallery-link\" data-rl_caption=\"\" data-rel=\"lightbox-gallery-1\"><img loading=\"lazy\" decoding=\"async\" src=\"https:\/\/kovat88.synology.me\/wordpress\/wp-content\/uploads\/2023\/03\/230317021-1024x1010.jpg\" width=\"1024\" height=\"1010\" alt=\"Miniszobor t\u00f6rpet\u00fara 1\" \/><\/a> <\/div> <\/div> <div class=\"rl-gallery-item\" > <div class=\"rl-gallery-item-content\"> <a href=\"https:\/\/kovat88.synology.me\/wordpress\/wp-content\/uploads\/2026\/02\/yoda.jpg\" title=\"\" data-rl_title=\"\" class=\"rl-gallery-link\" data-rl_caption=\"\" data-rel=\"lightbox-gallery-1\"><img loading=\"lazy\" decoding=\"async\" src=\"https:\/\/kovat88.synology.me\/wordpress\/wp-content\/uploads\/2026\/02\/yoda-724x1024.jpg\" width=\"724\" height=\"1024\" alt=\"Kolodko - Yoda\" \/><\/a> <\/div> <\/div> <div class=\"rl-gallery-item\" > <div class=\"rl-gallery-item-content\"> <a href=\"https:\/\/kovat88.synology.me\/wordpress\/wp-content\/uploads\/2023\/03\/230317029.jpg\" title=\"\" data-rl_title=\"\" class=\"rl-gallery-link\" data-rl_caption=\"\" data-rel=\"lightbox-gallery-1\"><img loading=\"lazy\" decoding=\"async\" src=\"https:\/\/kovat88.synology.me\/wordpress\/wp-content\/uploads\/2023\/03\/230317029-1024x468.jpg\" width=\"1024\" height=\"468\" alt=\"Miniszobor t\u00f6rpet\u00fara 1\" \/><\/a> <\/div> <\/div> <div class=\"rl-gallery-item\" > <div class=\"rl-gallery-item-content\"> <a href=\"https:\/\/kovat88.synology.me\/wordpress\/wp-content\/uploads\/2023\/03\/230317003.jpg\" title=\"\" data-rl_title=\"\" class=\"rl-gallery-link\" data-rl_caption=\"\" data-rel=\"lightbox-gallery-1\"><img loading=\"lazy\" decoding=\"async\" src=\"https:\/\/kovat88.synology.me\/wordpress\/wp-content\/uploads\/2023\/03\/230317003-1024x511.jpg\" width=\"1024\" height=\"511\" alt=\"Miniszobor t\u00f6rpet\u00fara 1\" \/><\/a> <\/div> <\/div> <div class=\"rl-gallery-item\" > <div class=\"rl-gallery-item-content\"> <a href=\"https:\/\/kovat88.synology.me\/wordpress\/wp-content\/uploads\/2023\/03\/230317001.jpg\" title=\"\" data-rl_title=\"\" class=\"rl-gallery-link\" data-rl_caption=\"\" data-rel=\"lightbox-gallery-1\"><img loading=\"lazy\" decoding=\"async\" src=\"https:\/\/kovat88.synology.me\/wordpress\/wp-content\/uploads\/2023\/03\/230317001-1024x593.jpg\" width=\"1024\" height=\"593\" alt=\"Miniszobor t\u00f6rpet\u00fara 1\" \/><\/a> <\/div> <\/div> <div class=\"rl-gallery-item\" > <div class=\"rl-gallery-item-content\"> <a href=\"https:\/\/kovat88.synology.me\/wordpress\/wp-content\/uploads\/2024\/10\/gomboc.jpg\" title=\"\" data-rl_title=\"\" class=\"rl-gallery-link\" data-rl_caption=\"\" data-rel=\"lightbox-gallery-1\"><img loading=\"lazy\" decoding=\"async\" src=\"https:\/\/kovat88.synology.me\/wordpress\/wp-content\/uploads\/2024\/10\/gomboc-1024x618.jpg\" width=\"1024\" height=\"618\" alt=\"Gomb\u00f3c Arth\u00far\" \/><\/a> <\/div> <\/div> <div class=\"rl-gallery-item\" > <div class=\"rl-gallery-item-content\"> <a href=\"https:\/\/kovat88.synology.me\/wordpress\/wp-content\/uploads\/2023\/03\/230321002.jpg\" title=\"\" data-rl_title=\"\" class=\"rl-gallery-link\" data-rl_caption=\"\" data-rel=\"lightbox-gallery-1\"><img loading=\"lazy\" decoding=\"async\" src=\"https:\/\/kovat88.synology.me\/wordpress\/wp-content\/uploads\/2023\/03\/230321002-1024x471.jpg\" width=\"1024\" height=\"471\" alt=\"Miniszobor t\u00f6rpet\u00fara 2\" \/><\/a> <\/div> <\/div> <div class=\"rl-gallery-item\" > <div class=\"rl-gallery-item-content\"> <a href=\"https:\/\/kovat88.synology.me\/wordpress\/wp-content\/uploads\/2023\/03\/230317018.jpg\" title=\"\" data-rl_title=\"\" class=\"rl-gallery-link\" data-rl_caption=\"\" data-rel=\"lightbox-gallery-1\"><img loading=\"lazy\" decoding=\"async\" src=\"https:\/\/kovat88.synology.me\/wordpress\/wp-content\/uploads\/2023\/03\/230317018-1024x631.jpg\" width=\"1024\" height=\"631\" alt=\"Miniszobor t\u00f6rpet\u00fara 1\" \/><\/a> <\/div> <\/div> <div class=\"rl-gallery-item\" > <div class=\"rl-gallery-item-content\"> <a href=\"https:\/\/kovat88.synology.me\/wordpress\/wp-content\/uploads\/2023\/03\/230317015.jpg\" title=\"\" data-rl_title=\"\" class=\"rl-gallery-link\" data-rl_caption=\"\" data-rel=\"lightbox-gallery-1\"><img loading=\"lazy\" decoding=\"async\" src=\"https:\/\/kovat88.synology.me\/wordpress\/wp-content\/uploads\/2023\/03\/230317015-930x1024.jpg\" width=\"930\" height=\"1024\" alt=\"Miniszobor t\u00f6rpet\u00fara 1\" \/><\/a> <\/div> <\/div> <div class=\"rl-gallery-item\" > <div class=\"rl-gallery-item-content\"> <a href=\"https:\/\/kovat88.synology.me\/wordpress\/wp-content\/uploads\/2023\/03\/230317025.jpg\" title=\"\" data-rl_title=\"\" class=\"rl-gallery-link\" data-rl_caption=\"\" data-rel=\"lightbox-gallery-1\"><img loading=\"lazy\" decoding=\"async\" src=\"https:\/\/kovat88.synology.me\/wordpress\/wp-content\/uploads\/2023\/03\/230317025-1024x819.jpg\" width=\"1024\" height=\"819\" alt=\"Miniszobor t\u00f6rpet\u00fara 1\" \/><\/a> <\/div> <\/div> <div class=\"rl-gallery-item\" > <div class=\"rl-gallery-item-content\"> <a href=\"https:\/\/kovat88.synology.me\/wordpress\/wp-content\/uploads\/2023\/03\/230317017.jpg\" title=\"\" data-rl_title=\"\" class=\"rl-gallery-link\" data-rl_caption=\"\" data-rel=\"lightbox-gallery-1\"><img loading=\"lazy\" decoding=\"async\" src=\"https:\/\/kovat88.synology.me\/wordpress\/wp-content\/uploads\/2023\/03\/230317017-1024x780.jpg\" width=\"1024\" height=\"780\" alt=\"Miniszobor t\u00f6rpet\u00fara 1\" \/><\/a> <\/div> <\/div> <div class=\"rl-gallery-item\" > <div class=\"rl-gallery-item-content\"> <a href=\"https:\/\/kovat88.synology.me\/wordpress\/wp-content\/uploads\/2023\/03\/230317028.jpg\" title=\"\" data-rl_title=\"\" class=\"rl-gallery-link\" data-rl_caption=\"\" data-rel=\"lightbox-gallery-1\"><img loading=\"lazy\" decoding=\"async\" src=\"https:\/\/kovat88.synology.me\/wordpress\/wp-content\/uploads\/2023\/03\/230317028-1024x878.jpg\" width=\"1024\" height=\"878\" alt=\"Miniszobor t\u00f6rpet\u00fara 1\" \/><\/a> <\/div> <\/div> <div class=\"rl-gallery-item\" > <div class=\"rl-gallery-item-content\"> <a href=\"https:\/\/kovat88.synology.me\/wordpress\/wp-content\/uploads\/2023\/03\/230317006.jpg\" title=\"\" data-rl_title=\"\" class=\"rl-gallery-link\" data-rl_caption=\"\" data-rel=\"lightbox-gallery-1\"><img loading=\"lazy\" decoding=\"async\" src=\"https:\/\/kovat88.synology.me\/wordpress\/wp-content\/uploads\/2023\/03\/230317006-1024x994.jpg\" width=\"1024\" height=\"994\" alt=\"Miniszobor t\u00f6rpet\u00fara 1\" \/><\/a> <\/div> <\/div> <div class=\"rl-gallery-item\" > <div class=\"rl-gallery-item-content\"> <a href=\"https:\/\/kovat88.synology.me\/wordpress\/wp-content\/uploads\/2023\/03\/230321005.jpg\" title=\"\" data-rl_title=\"\" class=\"rl-gallery-link\" data-rl_caption=\"\" data-rel=\"lightbox-gallery-1\"><img loading=\"lazy\" decoding=\"async\" src=\"https:\/\/kovat88.synology.me\/wordpress\/wp-content\/uploads\/2023\/03\/230321005-608x1024.jpg\" width=\"608\" height=\"1024\" alt=\"Miniszobor t\u00f6rpet\u00fara 2\" \/><\/a> <\/div> <\/div> <div class=\"rl-gallery-item\" > <div class=\"rl-gallery-item-content\"> <a href=\"https:\/\/kovat88.synology.me\/wordpress\/wp-content\/uploads\/2023\/03\/230317013.jpg\" title=\"\" data-rl_title=\"\" class=\"rl-gallery-link\" data-rl_caption=\"\" data-rel=\"lightbox-gallery-1\"><img loading=\"lazy\" decoding=\"async\" src=\"https:\/\/kovat88.synology.me\/wordpress\/wp-content\/uploads\/2023\/03\/230317013-1024x837.jpg\" width=\"1024\" height=\"837\" alt=\"Miniszobor t\u00f6rpet\u00fara 1\" \/><\/a> <\/div> <\/div> <div class=\"rl-gallery-item\" > <div class=\"rl-gallery-item-content\"> <a href=\"https:\/\/kovat88.synology.me\/wordpress\/wp-content\/uploads\/2023\/03\/230317027.jpg\" title=\"\" data-rl_title=\"\" class=\"rl-gallery-link\" data-rl_caption=\"\" data-rel=\"lightbox-gallery-1\"><img loading=\"lazy\" decoding=\"async\" src=\"https:\/\/kovat88.synology.me\/wordpress\/wp-content\/uploads\/2023\/03\/230317027-1024x539.jpg\" width=\"1024\" height=\"539\" alt=\"Miniszobor t\u00f6rpet\u00fara 1\" \/><\/a> <\/div> <\/div> <div class=\"rl-gallery-item\" > <div class=\"rl-gallery-item-content\"> <a href=\"https:\/\/kovat88.synology.me\/wordpress\/wp-content\/uploads\/2023\/03\/230317008.jpg\" title=\"\" data-rl_title=\"\" class=\"rl-gallery-link\" data-rl_caption=\"\" data-rel=\"lightbox-gallery-1\"><img loading=\"lazy\" decoding=\"async\" src=\"https:\/\/kovat88.synology.me\/wordpress\/wp-content\/uploads\/2023\/03\/230317008-1024x765.jpg\" width=\"1024\" height=\"765\" alt=\"Miniszobor t\u00f6rpet\u00fara 1\" \/><\/a> <\/div> <\/div> <div class=\"rl-gallery-item\" > <div class=\"rl-gallery-item-content\"> <a href=\"https:\/\/kovat88.synology.me\/wordpress\/wp-content\/uploads\/2023\/03\/230317024.jpg\" title=\"\" data-rl_title=\"\" class=\"rl-gallery-link\" data-rl_caption=\"\" data-rel=\"lightbox-gallery-1\"><img loading=\"lazy\" decoding=\"async\" src=\"https:\/\/kovat88.synology.me\/wordpress\/wp-content\/uploads\/2023\/03\/230317024-1024x739.jpg\" width=\"1024\" height=\"739\" alt=\"Miniszobor t\u00f6rpet\u00fara 1\" \/><\/a> <\/div> <\/div> <div class=\"rl-gallery-item\" > <div class=\"rl-gallery-item-content\"> <a href=\"https:\/\/kovat88.synology.me\/wordpress\/wp-content\/uploads\/2023\/03\/230317010.jpg\" title=\"\" data-rl_title=\"\" class=\"rl-gallery-link\" data-rl_caption=\"\" data-rel=\"lightbox-gallery-1\"><img loading=\"lazy\" decoding=\"async\" src=\"https:\/\/kovat88.synology.me\/wordpress\/wp-content\/uploads\/2023\/03\/230317010-1024x704.jpg\" width=\"1024\" height=\"704\" alt=\"Miniszobor t\u00f6rpet\u00fara 1\" \/><\/a> <\/div> <\/div> <div class=\"rl-gallery-item\" > <div class=\"rl-gallery-item-content\"> <a href=\"https:\/\/kovat88.synology.me\/wordpress\/wp-content\/uploads\/2023\/03\/230317030.jpg\" title=\"\" data-rl_title=\"\" class=\"rl-gallery-link\" data-rl_caption=\"\" data-rel=\"lightbox-gallery-1\"><img loading=\"lazy\" decoding=\"async\" src=\"https:\/\/kovat88.synology.me\/wordpress\/wp-content\/uploads\/2023\/03\/230317030-917x1024.jpg\" width=\"917\" height=\"1024\" alt=\"Miniszobor t\u00f6rpet\u00fara 1\" \/><\/a> <\/div> <\/div> <div class=\"rl-gallery-item\" > <div class=\"rl-gallery-item-content\"> <a href=\"https:\/\/kovat88.synology.me\/wordpress\/wp-content\/uploads\/2023\/03\/230317016.jpg\" title=\"\" data-rl_title=\"\" class=\"rl-gallery-link\" data-rl_caption=\"\" data-rel=\"lightbox-gallery-1\"><img loading=\"lazy\" decoding=\"async\" src=\"https:\/\/kovat88.synology.me\/wordpress\/wp-content\/uploads\/2023\/03\/230317016-1024x720.jpg\" width=\"1024\" height=\"720\" alt=\"Miniszobor t\u00f6rpet\u00fara 1\" \/><\/a> <\/div> <\/div> <div class=\"rl-gallery-item\" > <div class=\"rl-gallery-item-content\"> <a href=\"https:\/\/kovat88.synology.me\/wordpress\/wp-content\/uploads\/2024\/11\/kolodko_skala.jpg\" title=\"\" data-rl_title=\"\" class=\"rl-gallery-link\" data-rl_caption=\"\" data-rel=\"lightbox-gallery-1\"><img loading=\"lazy\" decoding=\"async\" src=\"https:\/\/kovat88.synology.me\/wordpress\/wp-content\/uploads\/2024\/11\/kolodko_skala-707x1024.jpg\" width=\"707\" height=\"1024\" alt=\"Sk\u00e1la k\u00f3p\u00e9\" \/><\/a> <\/div> <\/div> <div class=\"rl-gallery-item\" > <div class=\"rl-gallery-item-content\"> <a href=\"https:\/\/kovat88.synology.me\/wordpress\/wp-content\/uploads\/2023\/03\/230317012.jpg\" title=\"\" data-rl_title=\"\" class=\"rl-gallery-link\" data-rl_caption=\"\" data-rel=\"lightbox-gallery-1\"><img loading=\"lazy\" decoding=\"async\" src=\"https:\/\/kovat88.synology.me\/wordpress\/wp-content\/uploads\/2023\/03\/230317012-1024x880.jpg\" width=\"1024\" height=\"880\" alt=\"Miniszobor t\u00f6rpet\u00fara 1\" \/><\/a> <\/div> <\/div> <\/div> <\/div>\n","protected":false},"excerpt":{"rendered":"<p>Kolodko Mih\u00e1ly t\u00f6rpeszobrait j\u00e1r\u00f3 t\u00fara els\u0151 \u00e9s m\u00e1sodik r\u00e9sze. (Folytat\u00e1sa k\u00f6vetkezik.)<\/p>\n","protected":false},"author":1,"featured_media":0,"parent":3523,"menu_order":20230317,"comment_status":"closed","ping_status":"closed","template":"","meta":{"footnotes":""},"class_list":["post-4405","page","type-page","status-publish"],"_links":{"self":[{"href":"https:\/\/kovat88.synology.me\/wordpress\/wp-json\/wp\/v2\/pages\/4405","targetHints":{"allow":["GET"]}}],"collection":[{"href":"https:\/\/kovat88.synology.me\/wordpress\/wp-json\/wp\/v2\/pages"}],"about":[{"href":"https:\/\/kovat88.synology.me\/wordpress\/wp-json\/wp\/v2\/types\/page"}],"author":[{"embeddable":true,"href":"https:\/\/kovat88.synology.me\/wordpress\/wp-json\/wp\/v2\/users\/1"}],"replies":[{"embeddable":true,"href":"https:\/\/kovat88.synology.me\/wordpress\/wp-json\/wp\/v2\/comments?post=4405"}],"version-history":[{"count":3,"href":"https:\/\/kovat88.synology.me\/wordpress\/wp-json\/wp\/v2\/pages\/4405\/revisions"}],"predecessor-version":[{"id":4724,"href":"https:\/\/kovat88.synology.me\/wordpress\/wp-json\/wp\/v2\/pages\/4405\/revisions\/4724"}],"up":[{"embeddable":true,"href":"https:\/\/kovat88.synology.me\/wordpress\/wp-json\/wp\/v2\/pages\/3523"}],"wp:attachment":[{"href":"https:\/\/kovat88.synology.me\/wordpress\/wp-json\/wp\/v2\/media?parent=4405"}],"curies":[{"name":"wp","href":"https:\/\/api.w.org\/{rel}","templated":true}]}}