{"id":4051,"date":"2022-08-28T14:01:00","date_gmt":"2022-08-28T12:01:00","guid":{"rendered":"https:\/\/kovat88.synology.me\/wordpress\/?page_id=4051"},"modified":"2024-03-10T14:43:58","modified_gmt":"2024-03-10T13:43:58","slug":"fototura-2022-08-27","status":"publish","type":"page","link":"https:\/\/kovat88.synology.me\/wordpress\/private-cloud\/vegyes-dolgok\/fototura-2022-08-27\/","title":{"rendered":"Fot\u00f3t\u00fara 2022.08.27."},"content":{"rendered":"<style type=\"text\/css\" id=\"umsMapStyles_7_58477\">\r\n    #ultimate_maps_7_58477 {\r\n        width: 1200px;\r\n        height: 400px;\r\n                border: 0px solid ;\r\n        margin: 0px;\r\n    }\r\n    #mapsControlsNum_7_58477 {\r\n        width:1200px    }\r\n    .umsMapDetailsContainer#umsMapDetailsContainer_7_58477 {\r\n        height:400px;\r\n    }\r\n    .ums_MapPreview#ultimate_maps_7_58477 {\r\n        \/*position:absolute;*\/\r\n        width:100%;\r\n    }\r\n    #mapConElem_7_58477{\r\n        width:1200px    }\r\n    <\/style><div class=\"ums_map_opts\" id=\"mapConElem_7_58477\" data-id=\"7\" data-view-id=\"7_58477\" > <div class=\"umsMapDetailsContainer\" id=\"umsMapDetailsContainer_7_58477\"> <i class=\"umsKMLLayersPreloader fa fa-spinner fa-spin\" aria-hidden=\"true\" style=\"display: none;\"><\/i> <div class=\"ums_MapPreview \" id=\"ultimate_maps_7_58477\"><\/div> <\/div> <div class=\"umsMapMarkerFilters\" id=\"umsMapMarkerFilters_7_58477\"> <\/div> <div class=\"umsMapProControlsCon\" id=\"umsMapProControlsCon_7_58477\"> <a title=\"WP Google Maps\" style=\"display:none;\" href=\"https:\/\/supsystic.com\/plugins\/google-maps-plugin\/?utm_medium=love_link_hide\" target=\"_blank\">WP Google Maps<\/a><div style=\"clear: both;\"><\/div> <\/div> <div class=\"umsMapProDirectionsCon\" id=\"umsMapProDirectionsCon_7_58477\" > <\/div> <div class=\"umsMapProKmlFilterCon\" id=\"umsMapProKmlFilterCon_7_58477\" > <\/div> <div class=\"umsSocialSharingShell umsSocialSharingShell_7_58477\"> <\/div> <div style=\"clear: both;\"><\/div> <\/div>\n<div class=\"rl-gallery-container rl-loading\" id=\"rl-gallery-container-1\" data-gallery_id=\"4714\"> <div class=\"rl-gallery rl-basicmasonry-gallery \" id=\"rl-gallery-1\" data-gallery_no=\"1\"> <div class=\"rl-gutter-sizer\"><\/div><div class=\"rl-grid-sizer\"><\/div> <div class=\"rl-gallery-item rl-gallery-item-width-4\" > <div class=\"rl-gallery-item-content\"> <a href=\"https:\/\/kovat88.synology.me\/wordpress\/wp-content\/uploads\/2022\/08\/fototura220827_018.jpg\" title=\"\" data-rl_title=\"\" class=\"rl-gallery-link\" data-rl_caption=\"\" data-rel=\"lightbox-gallery-1\"><img loading=\"lazy\" decoding=\"async\" src=\"https:\/\/kovat88.synology.me\/wordpress\/wp-content\/uploads\/2022\/08\/fototura220827_018-748x1024.jpg\" width=\"748\" height=\"1024\" alt=\"G\u00f6nc\u00f6l, T\u00e9s\" \/><\/a> <\/div> <\/div> <div class=\"rl-gallery-item\" > <div class=\"rl-gallery-item-content\"> <a href=\"https:\/\/kovat88.synology.me\/wordpress\/wp-content\/uploads\/2022\/08\/fototura220827_017.jpg\" title=\"\" data-rl_title=\"\" class=\"rl-gallery-link\" data-rl_caption=\"\" data-rel=\"lightbox-gallery-1\"><img loading=\"lazy\" decoding=\"async\" src=\"https:\/\/kovat88.synology.me\/wordpress\/wp-content\/uploads\/2022\/08\/fototura220827_017-1024x1021.jpg\" width=\"1024\" height=\"1021\" alt=\"G\u00f6nc\u00f6l, T\u00e9s\" \/><\/a> <\/div> <\/div> <div class=\"rl-gallery-item\" > <div class=\"rl-gallery-item-content\"> <a href=\"https:\/\/kovat88.synology.me\/wordpress\/wp-content\/uploads\/2022\/08\/fototura220827_016.jpg\" title=\"\" data-rl_title=\"\" class=\"rl-gallery-link\" data-rl_caption=\"\" data-rel=\"lightbox-gallery-1\"><img loading=\"lazy\" decoding=\"async\" src=\"https:\/\/kovat88.synology.me\/wordpress\/wp-content\/uploads\/2022\/08\/fototura220827_016-893x1024.jpg\" width=\"893\" height=\"1024\" alt=\"G\u00f6nc\u00f6l, T\u00e9s\" \/><\/a> <\/div> <\/div> <div class=\"rl-gallery-item\" > <div class=\"rl-gallery-item-content\"> <a href=\"https:\/\/kovat88.synology.me\/wordpress\/wp-content\/uploads\/2022\/08\/fototura220827_015.jpg\" title=\"\" data-rl_title=\"\" class=\"rl-gallery-link\" data-rl_caption=\"\" data-rel=\"lightbox-gallery-1\"><img loading=\"lazy\" decoding=\"async\" src=\"https:\/\/kovat88.synology.me\/wordpress\/wp-content\/uploads\/2022\/08\/fototura220827_015-865x1024.jpg\" width=\"865\" height=\"1024\" alt=\"G\u00f6nc\u00f6l, T\u00e9s\" \/><\/a> <\/div> <\/div> <div class=\"rl-gallery-item\" > <div class=\"rl-gallery-item-content\"> <a href=\"https:\/\/kovat88.synology.me\/wordpress\/wp-content\/uploads\/2022\/08\/fototura220827_014.jpg\" title=\"\" data-rl_title=\"\" class=\"rl-gallery-link\" data-rl_caption=\"\" data-rel=\"lightbox-gallery-1\"><img loading=\"lazy\" decoding=\"async\" src=\"https:\/\/kovat88.synology.me\/wordpress\/wp-content\/uploads\/2022\/08\/fototura220827_014-684x1024.jpg\" width=\"684\" height=\"1024\" alt=\"G\u00f6nc\u00f6l, T\u00e9s\" \/><\/a> <\/div> <\/div> <div class=\"rl-gallery-item\" > <div class=\"rl-gallery-item-content\"> <a href=\"https:\/\/kovat88.synology.me\/wordpress\/wp-content\/uploads\/2022\/08\/fototura220827_013.jpg\" title=\"\" data-rl_title=\"\" class=\"rl-gallery-link\" data-rl_caption=\"\" data-rel=\"lightbox-gallery-1\"><img loading=\"lazy\" decoding=\"async\" src=\"https:\/\/kovat88.synology.me\/wordpress\/wp-content\/uploads\/2022\/08\/fototura220827_013-1024x683.jpg\" width=\"1024\" height=\"683\" alt=\"T\u00e9s\" \/><\/a> <\/div> <\/div> <div class=\"rl-gallery-item\" > <div class=\"rl-gallery-item-content\"> <a href=\"https:\/\/kovat88.synology.me\/wordpress\/wp-content\/uploads\/2022\/08\/fototura220827_012.jpg\" title=\"\" data-rl_title=\"\" class=\"rl-gallery-link\" data-rl_caption=\"\" data-rel=\"lightbox-gallery-1\"><img loading=\"lazy\" decoding=\"async\" src=\"https:\/\/kovat88.synology.me\/wordpress\/wp-content\/uploads\/2022\/08\/fototura220827_012-1024x683.jpg\" width=\"1024\" height=\"683\" alt=\"T\u00e9s\" \/><\/a> <\/div> <\/div> <div class=\"rl-gallery-item\" > <div class=\"rl-gallery-item-content\"> <a href=\"https:\/\/kovat88.synology.me\/wordpress\/wp-content\/uploads\/2022\/08\/fototura220827_011.jpg\" title=\"\" data-rl_title=\"\" class=\"rl-gallery-link\" data-rl_caption=\"\" data-rel=\"lightbox-gallery-1\"><img loading=\"lazy\" decoding=\"async\" src=\"https:\/\/kovat88.synology.me\/wordpress\/wp-content\/uploads\/2022\/08\/fototura220827_011-1024x683.jpg\" width=\"1024\" height=\"683\" alt=\"T\u00e9s\" \/><\/a> <\/div> <\/div> <div class=\"rl-gallery-item\" > <div class=\"rl-gallery-item-content\"> <a href=\"https:\/\/kovat88.synology.me\/wordpress\/wp-content\/uploads\/2022\/08\/fototura220827_010.jpg\" title=\"\" data-rl_title=\"\" class=\"rl-gallery-link\" data-rl_caption=\"\" data-rel=\"lightbox-gallery-1\"><img loading=\"lazy\" decoding=\"async\" src=\"https:\/\/kovat88.synology.me\/wordpress\/wp-content\/uploads\/2022\/08\/fototura220827_010-698x1024.jpg\" width=\"698\" height=\"1024\" alt=\"T\u00e9s\" \/><\/a> <\/div> <\/div> <div class=\"rl-gallery-item\" > <div class=\"rl-gallery-item-content\"> <a href=\"https:\/\/kovat88.synology.me\/wordpress\/wp-content\/uploads\/2022\/08\/fototura220827_009.jpg\" title=\"\" data-rl_title=\"\" class=\"rl-gallery-link\" data-rl_caption=\"\" data-rel=\"lightbox-gallery-1\"><img loading=\"lazy\" decoding=\"async\" src=\"https:\/\/kovat88.synology.me\/wordpress\/wp-content\/uploads\/2022\/08\/fototura220827_009-785x1024.jpg\" width=\"785\" height=\"1024\" alt=\"T\u00e9s\" \/><\/a> <\/div> <\/div> <div class=\"rl-gallery-item\" > <div class=\"rl-gallery-item-content\"> <a href=\"https:\/\/kovat88.synology.me\/wordpress\/wp-content\/uploads\/2022\/08\/fototura220827_008.jpg\" title=\"\" data-rl_title=\"\" class=\"rl-gallery-link\" data-rl_caption=\"\" data-rel=\"lightbox-gallery-1\"><img loading=\"lazy\" decoding=\"async\" src=\"https:\/\/kovat88.synology.me\/wordpress\/wp-content\/uploads\/2022\/08\/fototura220827_008-1024x642.jpg\" width=\"1024\" height=\"642\" alt=\"T\u00e9s\" \/><\/a> <\/div> <\/div> <div class=\"rl-gallery-item\" > <div class=\"rl-gallery-item-content\"> <a href=\"https:\/\/kovat88.synology.me\/wordpress\/wp-content\/uploads\/2022\/08\/fototura220827_007.jpg\" title=\"\" data-rl_title=\"\" class=\"rl-gallery-link\" data-rl_caption=\"\" data-rel=\"lightbox-gallery-1\"><img loading=\"lazy\" decoding=\"async\" src=\"https:\/\/kovat88.synology.me\/wordpress\/wp-content\/uploads\/2022\/08\/fototura220827_007-492x1024.jpg\" width=\"492\" height=\"1024\" alt=\"T\u00e9s\" \/><\/a> <\/div> <\/div> <div class=\"rl-gallery-item\" > <div class=\"rl-gallery-item-content\"> <a href=\"https:\/\/kovat88.synology.me\/wordpress\/wp-content\/uploads\/2022\/08\/fototura220827_006.jpg\" title=\"\" data-rl_title=\"\" class=\"rl-gallery-link\" data-rl_caption=\"\" data-rel=\"lightbox-gallery-1\"><img loading=\"lazy\" decoding=\"async\" src=\"https:\/\/kovat88.synology.me\/wordpress\/wp-content\/uploads\/2022\/08\/fototura220827_006-1024x935.jpg\" width=\"1024\" height=\"935\" alt=\"T\u00e9s\" \/><\/a> <\/div> <\/div> <div class=\"rl-gallery-item\" > <div class=\"rl-gallery-item-content\"> <a href=\"https:\/\/kovat88.synology.me\/wordpress\/wp-content\/uploads\/2022\/08\/fototura220827_005.jpg\" title=\"\" data-rl_title=\"\" class=\"rl-gallery-link\" data-rl_caption=\"\" data-rel=\"lightbox-gallery-1\"><img loading=\"lazy\" decoding=\"async\" src=\"https:\/\/kovat88.synology.me\/wordpress\/wp-content\/uploads\/2022\/08\/fototura220827_005-1024x618.jpg\" width=\"1024\" height=\"618\" alt=\"Fot\u00f3t\u00fara 2022.08.27.\" \/><\/a> <\/div> <\/div> <div class=\"rl-gallery-item\" > <div class=\"rl-gallery-item-content\"> <a href=\"https:\/\/kovat88.synology.me\/wordpress\/wp-content\/uploads\/2022\/08\/fototura220827_004.jpg\" title=\"\" data-rl_title=\"\" class=\"rl-gallery-link\" data-rl_caption=\"\" data-rel=\"lightbox-gallery-1\"><img loading=\"lazy\" decoding=\"async\" src=\"https:\/\/kovat88.synology.me\/wordpress\/wp-content\/uploads\/2022\/08\/fototura220827_004-1024x683.jpg\" width=\"1024\" height=\"683\" alt=\"Fot\u00f3t\u00fara 2022.08.27.\" \/><\/a> <\/div> <\/div> <div class=\"rl-gallery-item\" > <div class=\"rl-gallery-item-content\"> <a href=\"https:\/\/kovat88.synology.me\/wordpress\/wp-content\/uploads\/2022\/08\/fototura220827_003.jpg\" title=\"\" data-rl_title=\"\" class=\"rl-gallery-link\" data-rl_caption=\"\" data-rel=\"lightbox-gallery-1\"><img loading=\"lazy\" decoding=\"async\" src=\"https:\/\/kovat88.synology.me\/wordpress\/wp-content\/uploads\/2022\/08\/fototura220827_003-1017x1024.jpg\" width=\"1017\" height=\"1024\" alt=\"Fot\u00f3t\u00fara 2022.08.27.\" \/><\/a> <\/div> <\/div> <div class=\"rl-gallery-item\" > <div class=\"rl-gallery-item-content\"> <a href=\"https:\/\/kovat88.synology.me\/wordpress\/wp-content\/uploads\/2022\/08\/fototura220827_002.jpg\" title=\"\" data-rl_title=\"\" class=\"rl-gallery-link\" data-rl_caption=\"\" data-rel=\"lightbox-gallery-1\"><img loading=\"lazy\" decoding=\"async\" src=\"https:\/\/kovat88.synology.me\/wordpress\/wp-content\/uploads\/2022\/08\/fototura220827_002-1024x680.jpg\" width=\"1024\" height=\"680\" alt=\"Fot\u00f3t\u00fara 2022.08.27.\" \/><\/a> <\/div> <\/div> <div class=\"rl-gallery-item\" > <div class=\"rl-gallery-item-content\"> <a href=\"https:\/\/kovat88.synology.me\/wordpress\/wp-content\/uploads\/2022\/08\/fototura220827_001.jpg\" title=\"\" data-rl_title=\"\" class=\"rl-gallery-link\" data-rl_caption=\"\" data-rel=\"lightbox-gallery-1\"><img loading=\"lazy\" decoding=\"async\" src=\"https:\/\/kovat88.synology.me\/wordpress\/wp-content\/uploads\/2022\/08\/fototura220827_001-1024x609.jpg\" width=\"1024\" height=\"609\" alt=\"Fot\u00f3t\u00fara 2022.08.27.\" \/><\/a> <\/div> <\/div> <\/div> <\/div>\n","protected":false},"excerpt":{"rendered":"","protected":false},"author":1,"featured_media":4033,"parent":3523,"menu_order":20220827,"comment_status":"closed","ping_status":"closed","template":"","meta":{"footnotes":""},"class_list":["post-4051","page","type-page","status-publish","has-post-thumbnail"],"_links":{"self":[{"href":"https:\/\/kovat88.synology.me\/wordpress\/wp-json\/wp\/v2\/pages\/4051","targetHints":{"allow":["GET"]}}],"collection":[{"href":"https:\/\/kovat88.synology.me\/wordpress\/wp-json\/wp\/v2\/pages"}],"about":[{"href":"https:\/\/kovat88.synology.me\/wordpress\/wp-json\/wp\/v2\/types\/page"}],"author":[{"embeddable":true,"href":"https:\/\/kovat88.synology.me\/wordpress\/wp-json\/wp\/v2\/users\/1"}],"replies":[{"embeddable":true,"href":"https:\/\/kovat88.synology.me\/wordpress\/wp-json\/wp\/v2\/comments?post=4051"}],"version-history":[{"count":3,"href":"https:\/\/kovat88.synology.me\/wordpress\/wp-json\/wp\/v2\/pages\/4051\/revisions"}],"predecessor-version":[{"id":4715,"href":"https:\/\/kovat88.synology.me\/wordpress\/wp-json\/wp\/v2\/pages\/4051\/revisions\/4715"}],"up":[{"embeddable":true,"href":"https:\/\/kovat88.synology.me\/wordpress\/wp-json\/wp\/v2\/pages\/3523"}],"wp:featuredmedia":[{"embeddable":true,"href":"https:\/\/kovat88.synology.me\/wordpress\/wp-json\/wp\/v2\/media\/4033"}],"wp:attachment":[{"href":"https:\/\/kovat88.synology.me\/wordpress\/wp-json\/wp\/v2\/media?parent=4051"}],"curies":[{"name":"wp","href":"https:\/\/api.w.org\/{rel}","templated":true}]}}