{"id":3821,"date":"2022-07-11T12:57:06","date_gmt":"2022-07-11T10:57:06","guid":{"rendered":"https:\/\/kovat88.synology.me\/wordpress\/?page_id=3821"},"modified":"2022-07-11T12:57:06","modified_gmt":"2022-07-11T10:57:06","slug":"erdekes-helyek-gorogorszag","status":"publish","type":"page","link":"https:\/\/kovat88.synology.me\/wordpress\/private-cloud\/1337-2\/erdekes-helyek-gorogorszag\/","title":{"rendered":"\u00c9rdekes helyek &#8211; G\u00f6r\u00f6gorsz\u00e1g"},"content":{"rendered":"<p>\u00c9rdekes helyek, ahol j\u00e1rtunk. Fot\u00f3ztunk. N\u00e9zel\u0151dt\u00fcnk. F\u00fcr\u00f6dt\u00fcnk. Olyan helyek, amik els\u0151sorban nek\u00fcnk jelentenek eml\u00e9ket, \u00e9lm\u00e9nyt. Hagytunk m\u00e9g ott l\u00e1tnival\u00f3t, \u00e9lm\u00e9nyt m\u00e1snak is, ha \u00e9ppen valaki kedvet kapott..<\/p>\n<style type=\"text\/css\" id=\"umsMapStyles_4_70649\">\r\n    #ultimate_maps_4_70649 {\r\n        width: 1200px;\r\n        height: 600px;\r\n                border: 0px solid ;\r\n        margin: 0px;\r\n    }\r\n    #mapsControlsNum_4_70649 {\r\n        width:1200px    }\r\n    .umsMapDetailsContainer#umsMapDetailsContainer_4_70649 {\r\n        height:600px;\r\n    }\r\n    .ums_MapPreview#ultimate_maps_4_70649 {\r\n        \/*position:absolute;*\/\r\n        width:100%;\r\n    }\r\n    #mapConElem_4_70649{\r\n        width:1200px    }\r\n    <\/style><div class=\"ums_map_opts\" id=\"mapConElem_4_70649\" data-id=\"4\" data-view-id=\"4_70649\" > <div class=\"umsMapDetailsContainer\" id=\"umsMapDetailsContainer_4_70649\"> <i class=\"umsKMLLayersPreloader fa fa-spinner fa-spin\" aria-hidden=\"true\" style=\"display: none;\"><\/i> <div class=\"ums_MapPreview \" id=\"ultimate_maps_4_70649\"><\/div> <\/div> <div class=\"umsMapMarkerFilters\" id=\"umsMapMarkerFilters_4_70649\"> <\/div> <div class=\"umsMapProControlsCon\" id=\"umsMapProControlsCon_4_70649\"> <a title=\"WP Google Maps\" style=\"display:none;\" href=\"https:\/\/supsystic.com\/plugins\/google-maps-plugin\/?utm_medium=love_link_hide\" target=\"_blank\">WP Google Maps<\/a><div style=\"clear: both;\"><\/div> <\/div> <div class=\"umsMapProDirectionsCon\" id=\"umsMapProDirectionsCon_4_70649\" > <\/div> <div class=\"umsMapProKmlFilterCon\" id=\"umsMapProKmlFilterCon_4_70649\" > <\/div> <div class=\"umsSocialSharingShell umsSocialSharingShell_4_70649\"> <\/div> <div style=\"clear: both;\"><\/div> <\/div>\n","protected":false},"excerpt":{"rendered":"<p>\u00c9rdekes helyek, ahol j\u00e1rtunk. Fot\u00f3ztunk. N\u00e9zel\u0151dt\u00fcnk. F\u00fcr\u00f6dt\u00fcnk. Olyan helyek, amik els\u0151sorban nek\u00fcnk jelentenek eml\u00e9ket, \u00e9lm\u00e9nyt. Hagytunk m\u00e9g ott l\u00e1tnival\u00f3t, \u00e9lm\u00e9nyt m\u00e1snak is, ha \u00e9ppen valaki kedvet kapott..<\/p>\n","protected":false},"author":1,"featured_media":0,"parent":1337,"menu_order":20220711,"comment_status":"closed","ping_status":"closed","template":"","meta":{"footnotes":""},"class_list":["post-3821","page","type-page","status-publish"],"_links":{"self":[{"href":"https:\/\/kovat88.synology.me\/wordpress\/wp-json\/wp\/v2\/pages\/3821","targetHints":{"allow":["GET"]}}],"collection":[{"href":"https:\/\/kovat88.synology.me\/wordpress\/wp-json\/wp\/v2\/pages"}],"about":[{"href":"https:\/\/kovat88.synology.me\/wordpress\/wp-json\/wp\/v2\/types\/page"}],"author":[{"embeddable":true,"href":"https:\/\/kovat88.synology.me\/wordpress\/wp-json\/wp\/v2\/users\/1"}],"replies":[{"embeddable":true,"href":"https:\/\/kovat88.synology.me\/wordpress\/wp-json\/wp\/v2\/comments?post=3821"}],"version-history":[{"count":2,"href":"https:\/\/kovat88.synology.me\/wordpress\/wp-json\/wp\/v2\/pages\/3821\/revisions"}],"predecessor-version":[{"id":3823,"href":"https:\/\/kovat88.synology.me\/wordpress\/wp-json\/wp\/v2\/pages\/3821\/revisions\/3823"}],"up":[{"embeddable":true,"href":"https:\/\/kovat88.synology.me\/wordpress\/wp-json\/wp\/v2\/pages\/1337"}],"wp:attachment":[{"href":"https:\/\/kovat88.synology.me\/wordpress\/wp-json\/wp\/v2\/media?parent=3821"}],"curies":[{"name":"wp","href":"https:\/\/api.w.org\/{rel}","templated":true}]}}