{"id":1337,"date":"2021-07-10T18:11:42","date_gmt":"2021-07-10T18:11:42","guid":{"rendered":"http:\/\/kovat88.synology.me\/wordpress\/?page_id=1337"},"modified":"2024-09-11T13:33:23","modified_gmt":"2024-09-11T11:33:23","slug":"1337-2","status":"publish","type":"page","link":"https:\/\/kovat88.synology.me\/wordpress\/private-cloud\/1337-2\/","title":{"rendered":"G\u00f6r\u00f6gorsz\u00e1gi nyaral\u00e1sok"},"content":{"rendered":"<style type=\"text\/css\" id=\"umsMapStyles_3_29722\">\r\n    #ultimate_maps_3_29722 {\r\n        width: 1200px;\r\n        height: 450px;\r\n                border: 0px solid ;\r\n        margin: 0px;\r\n    }\r\n    #mapsControlsNum_3_29722 {\r\n        width:1200px    }\r\n    .umsMapDetailsContainer#umsMapDetailsContainer_3_29722 {\r\n        height:450px;\r\n    }\r\n    .ums_MapPreview#ultimate_maps_3_29722 {\r\n        \/*position:absolute;*\/\r\n        width:100%;\r\n    }\r\n    #mapConElem_3_29722{\r\n        width:1200px    }\r\n    <\/style><div class=\"ums_map_opts\" id=\"mapConElem_3_29722\" data-id=\"3\" data-view-id=\"3_29722\" > <div class=\"umsMapDetailsContainer\" id=\"umsMapDetailsContainer_3_29722\"> <i class=\"umsKMLLayersPreloader fa fa-spinner fa-spin\" aria-hidden=\"true\" style=\"display: none;\"><\/i> <div class=\"ums_MapPreview \" id=\"ultimate_maps_3_29722\"><\/div> <\/div> <div class=\"umsMapMarkerFilters\" id=\"umsMapMarkerFilters_3_29722\"> <\/div> <div class=\"umsMapProControlsCon\" id=\"umsMapProControlsCon_3_29722\"> <a title=\"WP Google Maps\" style=\"display:none;\" href=\"https:\/\/supsystic.com\/plugins\/google-maps-plugin\/?utm_medium=love_link_hide\" target=\"_blank\">WP Google Maps<\/a><div style=\"clear: both;\"><\/div> <\/div> <div class=\"umsMapProDirectionsCon\" id=\"umsMapProDirectionsCon_3_29722\" > <\/div> <div class=\"umsMapProKmlFilterCon\" id=\"umsMapProKmlFilterCon_3_29722\" > <\/div> <div class=\"umsSocialSharingShell umsSocialSharingShell_3_29722\"> <\/div> <div style=\"clear: both;\"><\/div> <\/div>\r\n<p>&nbsp;<\/p>\r\n\r\n<p style=\"font-size: 22px;\"><a href=\"https:\/\/kovat88.synology.me\/wordpress\/private-cloud\/1337-2\/1334-2\/\" data-type=\"URL\" data-id=\"https:\/\/kovat88.synology.me\/wordpress\/private-cloud\/1337-2\/1334-2\/\">Thassos 2009.<\/a><\/p>\r\n\r\n\r\n\r\n<p style=\"font-size: 22px;\"><a href=\"https:\/\/kovat88.synology.me\/wordpress\/private-cloud\/1337-2\/1331-2\/\" data-type=\"URL\" data-id=\"https:\/\/kovat88.synology.me\/wordpress\/private-cloud\/1337-2\/1331-2\/\">Sarti 2010<\/a><\/p>\r\n\r\n\r\n\r\n<p style=\"font-size: 22px;\"><a href=\"https:\/\/kovat88.synology.me\/wordpress\/private-cloud\/1337-2\/821-2\/\" data-type=\"URL\" data-id=\"https:\/\/kovat88.synology.me\/wordpress\/private-cloud\/1337-2\/821-2\/\">Parga 2011.<\/a><\/p>\r\n\r\n\r\n\r\n<p style=\"font-size: 22px;\"><a href=\"https:\/\/kovat88.synology.me\/wordpress\/private-cloud\/1337-2\/590-2\/\" data-type=\"URL\" data-id=\"https:\/\/kovat88.synology.me\/wordpress\/private-cloud\/1337-2\/590-2\/\">Stavros 2013.<\/a><\/p>\r\n\r\n\r\n\r\n<p style=\"font-size: 22px;\"><a href=\"https:\/\/kovat88.synology.me\/wordpress\/private-cloud\/1337-2\/1887-2\/\" data-type=\"URL\" data-id=\"https:\/\/kovat88.synology.me\/wordpress\/private-cloud\/1337-2\/1887-2\/\">Nei Pori 2014.<\/a><\/p>\r\n\r\n\r\n\r\n<p style=\"font-size: 22px;\"><a href=\"https:\/\/kovat88.synology.me\/wordpress\/private-cloud\/1337-2\/1883-2\/\" data-type=\"URL\" data-id=\"https:\/\/kovat88.synology.me\/wordpress\/private-cloud\/1337-2\/1883-2\/\">Nea Plagia 2015.<\/a><\/p>\r\n\r\n\r\n\r\n<p style=\"font-size: 22px;\"><a href=\"https:\/\/kovat88.synology.me\/wordpress\/private-cloud\/1337-2\/944-2\/\" data-type=\"URL\" data-id=\"https:\/\/kovat88.synology.me\/wordpress\/private-cloud\/1337-2\/944-2\/\">Stavros 2017.<\/a><\/p>\r\n\r\n\r\n\r\n<p style=\"font-size: 22px;\"><a href=\"https:\/\/kovat88.synology.me\/wordpress\/private-cloud\/1337-2\/1874-2\/\" data-type=\"URL\" data-id=\"https:\/\/kovat88.synology.me\/wordpress\/private-cloud\/1337-2\/1874-2\/\">Olympic Beach 2018.<\/a><\/p>\r\n\r\n\r\n\r\n<p style=\"font-size: 22px;\"><a href=\"https:\/\/kovat88.synology.me\/wordpress\/private-cloud\/1337-2\/1878-2\/\" data-type=\"URL\" data-id=\"https:\/\/kovat88.synology.me\/wordpress\/private-cloud\/1337-2\/1878-2\/\">Nea Plagia 2019.<\/a><\/p>\r\n\r\n\r\n\r\n\r\n<p style=\"font-size: 22px;\"><a href=\"https:\/\/kovat88.synology.me\/wordpress\/private-cloud\/1337-2\/sarti-2022\/\" data-type=\"URL\" data-id=\"https:\/\/kovat88.synology.me\/wordpress\/private-cloud\/1337-2\/sarti-2022\/\">Sarti 2022.<\/a><\/p>\r\n\r\n\r\n\r\n<p style=\"font-size: 22px;\"><a href=\"https:\/\/kovat88.synology.me\/wordpress\/private-cloud\/1337-2\/paralia-2024\/\" data-type=\"URL\" data-id=\"https:\/\/kovat88.synology.me\/wordpress\/private-cloud\/1337-2\/paralia-2024\/\">Paralia 2024. (Alb\u00e1nia)<\/a><\/p>\r\n","protected":false},"excerpt":{"rendered":"<p>&nbsp; Thassos 2009. Sarti 2010 Parga 2011. Stavros 2013. Nei Pori 2014. Nea Plagia 2015. Stavros 2017. Olympic Beach 2018. Nea Plagia 2019. Sarti 2022. Paralia 2024. (Alb\u00e1nia)<\/p>\n","protected":false},"author":1,"featured_media":0,"parent":5,"menu_order":202098,"comment_status":"closed","ping_status":"closed","template":"","meta":{"footnotes":""},"class_list":["post-1337","page","type-page","status-publish"],"_links":{"self":[{"href":"https:\/\/kovat88.synology.me\/wordpress\/wp-json\/wp\/v2\/pages\/1337","targetHints":{"allow":["GET"]}}],"collection":[{"href":"https:\/\/kovat88.synology.me\/wordpress\/wp-json\/wp\/v2\/pages"}],"about":[{"href":"https:\/\/kovat88.synology.me\/wordpress\/wp-json\/wp\/v2\/types\/page"}],"author":[{"embeddable":true,"href":"https:\/\/kovat88.synology.me\/wordpress\/wp-json\/wp\/v2\/users\/1"}],"replies":[{"embeddable":true,"href":"https:\/\/kovat88.synology.me\/wordpress\/wp-json\/wp\/v2\/comments?post=1337"}],"version-history":[{"count":27,"href":"https:\/\/kovat88.synology.me\/wordpress\/wp-json\/wp\/v2\/pages\/1337\/revisions"}],"predecessor-version":[{"id":3610,"href":"https:\/\/kovat88.synology.me\/wordpress\/wp-json\/wp\/v2\/pages\/1337\/revisions\/3610"}],"up":[{"embeddable":true,"href":"https:\/\/kovat88.synology.me\/wordpress\/wp-json\/wp\/v2\/pages\/5"}],"wp:attachment":[{"href":"https:\/\/kovat88.synology.me\/wordpress\/wp-json\/wp\/v2\/media?parent=1337"}],"curies":[{"name":"wp","href":"https:\/\/api.w.org\/{rel}","templated":true}]}}